{"id":866,"date":"2022-08-06T10:34:03","date_gmt":"2022-08-06T13:34:03","guid":{"rendered":"https:\/\/augustomazzoli.com\/?page_id=866"},"modified":"2022-08-06T10:45:06","modified_gmt":"2022-08-06T13:45:06","slug":"sobre","status":"publish","type":"page","link":"https:\/\/augustomazzoli.com\/index.php\/pt\/sobre\/","title":{"rendered":"Sobre"},"content":{"rendered":"\t\t<div data-elementor-type=\"wp-page\" data-elementor-id=\"866\" class=\"elementor elementor-866\">\n\t\t\t\t\t\t<section class=\"elementor-section elementor-top-section elementor-element elementor-element-713e4d9a elementor-section-full_width elementor-section-stretched elementor-section-height-default elementor-section-height-default\" data-id=\"713e4d9a\" data-element_type=\"section\" data-settings=\"{&quot;stretch_section&quot;:&quot;section-stretched&quot;,&quot;background_background&quot;:&quot;classic&quot;}\">\n\t\t\t\t\t\t\t<div class=\"elementor-background-overlay\"><\/div>\n\t\t\t\t\t\t\t<div class=\"elementor-container elementor-column-gap-default\">\n\t\t\t\t\t<div class=\"elementor-column elementor-col-100 elementor-top-column elementor-element elementor-element-5e05717\" data-id=\"5e05717\" data-element_type=\"column\">\n\t\t\t<div class=\"elementor-widget-wrap elementor-element-populated\">\n\t\t\t\t\t\t<div class=\"elementor-element elementor-element-32751b90 elementor-widget elementor-widget-heading\" data-id=\"32751b90\" data-element_type=\"widget\" data-widget_type=\"heading.default\">\n\t\t\t\t<div class=\"elementor-widget-container\">\n\t\t\t\t\t<h2 class=\"elementor-heading-title elementor-size-xl\">Sobre mim<\/h2>\t\t\t\t<\/div>\n\t\t\t\t<\/div>\n\t\t\t\t\t<\/div>\n\t\t<\/div>\n\t\t\t\t\t<\/div>\n\t\t<\/section>\n\t\t\t\t<section class=\"elementor-section elementor-top-section elementor-element elementor-element-514e7d02 elementor-section-boxed elementor-section-height-default elementor-section-height-default\" data-id=\"514e7d02\" data-element_type=\"section\" data-settings=\"{&quot;background_background&quot;:&quot;classic&quot;}\">\n\t\t\t\t\t\t<div class=\"elementor-container elementor-column-gap-default\">\n\t\t\t\t\t<div class=\"elementor-column elementor-col-100 elementor-top-column elementor-element elementor-element-6b9e856\" data-id=\"6b9e856\" data-element_type=\"column\">\n\t\t\t<div class=\"elementor-widget-wrap elementor-element-populated\">\n\t\t\t\t\t\t<section class=\"elementor-section elementor-inner-section elementor-element elementor-element-7a45a33 elementor-section-boxed elementor-section-height-default elementor-section-height-default\" data-id=\"7a45a33\" data-element_type=\"section\">\n\t\t\t\t\t\t<div class=\"elementor-container elementor-column-gap-default\">\n\t\t\t\t\t<div class=\"elementor-column elementor-col-50 elementor-inner-column elementor-element elementor-element-8471274\" data-id=\"8471274\" data-element_type=\"column\">\n\t\t\t<div class=\"elementor-widget-wrap elementor-element-populated\">\n\t\t\t\t\t\t<div class=\"elementor-element elementor-element-aac1bd9 elementor-widget elementor-widget-text-editor\" data-id=\"aac1bd9\" data-element_type=\"widget\" data-widget_type=\"text-editor.default\">\n\t\t\t\t<div class=\"elementor-widget-container\">\n\t\t\t\t\t\t\t\t\t<p style=\"text-align: justify;\"><span style=\"font-family: tahoma, arial, helvetica, sans-serif; color: #000000;\">Quando era crian\u00e7a, eu n\u00e3o era f\u00e3 de nenhum grupo musical, banda ou cantor, e era totalmente indiferente em rela\u00e7\u00e3o a qualquer m\u00fasica que, de uma forma ou de outra, eu acabasse escutando. Entretanto, havia uma exce\u00e7\u00e3o: as trilhas sonoras de alguns filmes e jogos eletr\u00f4nicos.<\/span><br \/><span style=\"font-family: tahoma, arial, helvetica, sans-serif; color: #000000;\">J\u00e1 naquela \u00e9poca, eu ficava fascinado com a m\u00fasica de John Williams e David Wise, por exemplo. Embora ainda n\u00e3o tivesse nenhum conhecimento musical, eu me identificava com aquele tipo de m\u00fasica, e muitas vezes at\u00e9 assistia a um filme ou jogava um jogo com o objetivo principal de escutar a m\u00fasica, j\u00e1 que eu n\u00e3o possu\u00eda os discos e nem acesso \u00e0 internet.<\/span><\/p>\t\t\t\t\t\t\t\t<\/div>\n\t\t\t\t<\/div>\n\t\t\t\t\t<\/div>\n\t\t<\/div>\n\t\t\t\t<div class=\"elementor-column elementor-col-50 elementor-inner-column elementor-element elementor-element-5a49ca9\" data-id=\"5a49ca9\" data-element_type=\"column\">\n\t\t\t<div class=\"elementor-widget-wrap elementor-element-populated\">\n\t\t\t\t\t\t<div class=\"elementor-element elementor-element-3945a30 elementor-widget elementor-widget-image\" data-id=\"3945a30\" data-element_type=\"widget\" data-widget_type=\"image.default\">\n\t\t\t\t<div class=\"elementor-widget-container\">\n\t\t\t\t\t\t\t\t\t\t\t\t\t\t\t<img fetchpriority=\"high\" decoding=\"async\" width=\"300\" height=\"254\" src=\"https:\/\/augustomazzoli.com\/wp-content\/uploads\/2021\/09\/slide-guitar-300x254.jpg\" class=\"attachment-medium size-medium wp-image-345\" alt=\"\" srcset=\"https:\/\/augustomazzoli.com\/wp-content\/uploads\/2021\/09\/slide-guitar-300x254.jpg 300w, https:\/\/augustomazzoli.com\/wp-content\/uploads\/2021\/09\/slide-guitar.jpg 674w\" sizes=\"(max-width: 300px) 100vw, 300px\" \/>\t\t\t\t\t\t\t\t\t\t\t\t\t\t\t<\/div>\n\t\t\t\t<\/div>\n\t\t\t\t\t<\/div>\n\t\t<\/div>\n\t\t\t\t\t<\/div>\n\t\t<\/section>\n\t\t\t\t<section class=\"elementor-section elementor-inner-section elementor-element elementor-element-cd0c734 elementor-reverse-mobile elementor-section-boxed elementor-section-height-default elementor-section-height-default\" data-id=\"cd0c734\" data-element_type=\"section\">\n\t\t\t\t\t\t<div class=\"elementor-container elementor-column-gap-default\">\n\t\t\t\t\t<div class=\"elementor-column elementor-col-50 elementor-inner-column elementor-element elementor-element-d9552c8\" data-id=\"d9552c8\" data-element_type=\"column\">\n\t\t\t<div class=\"elementor-widget-wrap elementor-element-populated\">\n\t\t\t\t\t\t<div class=\"elementor-element elementor-element-4b0edd0 elementor-widget elementor-widget-image\" data-id=\"4b0edd0\" data-element_type=\"widget\" data-widget_type=\"image.default\">\n\t\t\t\t<div class=\"elementor-widget-container\">\n\t\t\t\t\t\t\t\t\t\t\t\t\t\t\t<img decoding=\"async\" width=\"300\" height=\"273\" src=\"https:\/\/augustomazzoli.com\/wp-content\/uploads\/2021\/09\/electric-guitar-300x273.jpg\" class=\"attachment-medium size-medium wp-image-343\" alt=\"\" srcset=\"https:\/\/augustomazzoli.com\/wp-content\/uploads\/2021\/09\/electric-guitar-300x273.jpg 300w, https:\/\/augustomazzoli.com\/wp-content\/uploads\/2021\/09\/electric-guitar-1024x932.jpg 1024w, https:\/\/augustomazzoli.com\/wp-content\/uploads\/2021\/09\/electric-guitar-768x699.jpg 768w, https:\/\/augustomazzoli.com\/wp-content\/uploads\/2021\/09\/electric-guitar.jpg 1272w\" sizes=\"(max-width: 300px) 100vw, 300px\" \/>\t\t\t\t\t\t\t\t\t\t\t\t\t\t\t<\/div>\n\t\t\t\t<\/div>\n\t\t\t\t\t<\/div>\n\t\t<\/div>\n\t\t\t\t<div class=\"elementor-column elementor-col-50 elementor-inner-column elementor-element elementor-element-509676e\" data-id=\"509676e\" data-element_type=\"column\">\n\t\t\t<div class=\"elementor-widget-wrap elementor-element-populated\">\n\t\t\t\t\t\t<div class=\"elementor-element elementor-element-e7e2248 elementor-widget elementor-widget-text-editor\" data-id=\"e7e2248\" data-element_type=\"widget\" data-widget_type=\"text-editor.default\">\n\t\t\t\t<div class=\"elementor-widget-container\">\n\t\t\t\t\t\t\t\t\t<p style=\"text-align: justify;\"><span style=\"font-family: tahoma, arial, helvetica, sans-serif; color: #000000;\">Por volta de 10 anos de idade, com acesso \u00e0 internet, eu finalmente pude baixar algumas daquelas m\u00fasicas, e fui apreciando-as cada vez mais com o passar do tempo, enquanto o meu gosto musical era moldado.<\/span><br \/><span style=\"font-family: tahoma, arial, helvetica, sans-serif; color: #000000;\">Alguns anos depois, jogando alguns jogos da franquia GTA, eu finalmente me interessei por algumas bandas de rock, devido ao fato de algumas de suas m\u00fasicas tocarem nas r\u00e1dios fict\u00edcias dos jogos, e logo me tornei f\u00e3 de bandas como Black Sabbath, AC\/DC e Kiss.<\/span><\/p>\t\t\t\t\t\t\t\t<\/div>\n\t\t\t\t<\/div>\n\t\t\t\t\t<\/div>\n\t\t<\/div>\n\t\t\t\t\t<\/div>\n\t\t<\/section>\n\t\t\t\t<section class=\"elementor-section elementor-inner-section elementor-element elementor-element-1e3b8c6 elementor-section-boxed elementor-section-height-default elementor-section-height-default\" data-id=\"1e3b8c6\" data-element_type=\"section\">\n\t\t\t\t\t\t<div class=\"elementor-container elementor-column-gap-default\">\n\t\t\t\t\t<div class=\"elementor-column elementor-col-50 elementor-inner-column elementor-element elementor-element-5252421\" data-id=\"5252421\" data-element_type=\"column\">\n\t\t\t<div class=\"elementor-widget-wrap elementor-element-populated\">\n\t\t\t\t\t\t<div class=\"elementor-element elementor-element-5ea4ca2 elementor-widget elementor-widget-text-editor\" data-id=\"5ea4ca2\" data-element_type=\"widget\" data-widget_type=\"text-editor.default\">\n\t\t\t\t<div class=\"elementor-widget-container\">\n\t\t\t\t\t\t\t\t\t<p style=\"text-align: justify;\"><span style=\"font-family: tahoma, arial, helvetica, sans-serif; color: #000000;\">Com o passar do tempo, enquanto eu expandia os meus interesses por outras bandas e subg\u00eaneros do rock, tamb\u00e9m me tornei um grande f\u00e3 de blues, e em 2006 comecei a aprender a tocar viol\u00e3o, bem como os fundamentos da teoria musical.<\/span><br \/><span style=\"font-family: tahoma, arial, helvetica, sans-serif; color: #000000;\">Em 2011, comecei tamb\u00e9m a tocar o bandolim napolitano gra\u00e7as a influ\u00eancias familiares e novos gostos musicais. Desde ent\u00e3o, tenho inclu\u00eddo o bandolim em diversos arranjos e nas minhas pr\u00f3prias composi\u00e7\u00f5es, valorizando as caracter\u00edsticas do instrumento.<\/span><\/p>\t\t\t\t\t\t\t\t<\/div>\n\t\t\t\t<\/div>\n\t\t\t\t\t<\/div>\n\t\t<\/div>\n\t\t\t\t<div class=\"elementor-column elementor-col-50 elementor-inner-column elementor-element elementor-element-45eae55\" data-id=\"45eae55\" data-element_type=\"column\">\n\t\t\t<div class=\"elementor-widget-wrap elementor-element-populated\">\n\t\t\t\t\t\t<div class=\"elementor-element elementor-element-1d3dbd0 elementor-widget elementor-widget-image\" data-id=\"1d3dbd0\" data-element_type=\"widget\" data-widget_type=\"image.default\">\n\t\t\t\t<div class=\"elementor-widget-container\">\n\t\t\t\t\t\t\t\t\t\t\t\t\t\t\t<img decoding=\"async\" src=\"https:\/\/augustomazzoli.com\/wp-content\/uploads\/elementor\/thumbs\/young-mandolin-pyl3ldz1yf0edws4zrvi2g1xqy9fwrw7jgsajmnp4g.jpg\" title=\"young mandolin\" alt=\"young mandolin\" loading=\"lazy\" \/>\t\t\t\t\t\t\t\t\t\t\t\t\t\t\t<\/div>\n\t\t\t\t<\/div>\n\t\t\t\t\t<\/div>\n\t\t<\/div>\n\t\t\t\t\t<\/div>\n\t\t<\/section>\n\t\t\t\t<section class=\"elementor-section elementor-inner-section elementor-element elementor-element-b77c263 elementor-reverse-mobile elementor-section-boxed elementor-section-height-default elementor-section-height-default\" data-id=\"b77c263\" data-element_type=\"section\">\n\t\t\t\t\t\t<div class=\"elementor-container elementor-column-gap-default\">\n\t\t\t\t\t<div class=\"elementor-column elementor-col-50 elementor-inner-column elementor-element elementor-element-835ff81\" data-id=\"835ff81\" data-element_type=\"column\">\n\t\t\t<div class=\"elementor-widget-wrap elementor-element-populated\">\n\t\t\t\t\t\t<div class=\"elementor-element elementor-element-59b70ce elementor-widget elementor-widget-image\" data-id=\"59b70ce\" data-element_type=\"widget\" data-widget_type=\"image.default\">\n\t\t\t\t<div class=\"elementor-widget-container\">\n\t\t\t\t\t\t\t\t\t\t\t\t\t\t\t<img decoding=\"async\" width=\"300\" height=\"228\" src=\"https:\/\/augustomazzoli.com\/wp-content\/uploads\/2021\/09\/IMG_1667-300x228.jpg\" class=\"attachment-medium size-medium wp-image-344\" alt=\"\" srcset=\"https:\/\/augustomazzoli.com\/wp-content\/uploads\/2021\/09\/IMG_1667-300x228.jpg 300w, https:\/\/augustomazzoli.com\/wp-content\/uploads\/2021\/09\/IMG_1667-1024x779.jpg 1024w, https:\/\/augustomazzoli.com\/wp-content\/uploads\/2021\/09\/IMG_1667-768x585.jpg 768w, https:\/\/augustomazzoli.com\/wp-content\/uploads\/2021\/09\/IMG_1667-1536x1169.jpg 1536w, https:\/\/augustomazzoli.com\/wp-content\/uploads\/2021\/09\/IMG_1667.jpg 1792w\" sizes=\"(max-width: 300px) 100vw, 300px\" \/>\t\t\t\t\t\t\t\t\t\t\t\t\t\t\t<\/div>\n\t\t\t\t<\/div>\n\t\t\t\t\t<\/div>\n\t\t<\/div>\n\t\t\t\t<div class=\"elementor-column elementor-col-50 elementor-inner-column elementor-element elementor-element-3827a6e\" data-id=\"3827a6e\" data-element_type=\"column\">\n\t\t\t<div class=\"elementor-widget-wrap elementor-element-populated\">\n\t\t\t\t\t\t<div class=\"elementor-element elementor-element-b30a948 elementor-widget elementor-widget-text-editor\" data-id=\"b30a948\" data-element_type=\"widget\" data-widget_type=\"text-editor.default\">\n\t\t\t\t<div class=\"elementor-widget-container\">\n\t\t\t\t\t\t\t\t\t<p style=\"text-align: justify;\"><span style=\"font-family: tahoma, arial, helvetica, sans-serif; color: #000000;\">Conforme o tempo passou, fui aprendendo mais sobre teoria musical, composi\u00e7\u00e3o, orquestra\u00e7\u00e3o, e me dei conta de que foram as minhas influ\u00eancias mais antigas, aquelas das trilhas sonoras de filmes e jogos, que me colocaram nessa jornada. Comecei a trabalhar no ramo musical, lancei alguns \u00e1lbuns e singles, e tenho colaborado com projetos de v\u00e1rias partes do mundo como compositor, arranjador, produtor e bandolinista.<\/span><\/p>\t\t\t\t\t\t\t\t<\/div>\n\t\t\t\t<\/div>\n\t\t\t\t\t<\/div>\n\t\t<\/div>\n\t\t\t\t\t<\/div>\n\t\t<\/section>\n\t\t\t\t\t<\/div>\n\t\t<\/div>\n\t\t\t\t\t<\/div>\n\t\t<\/section>\n\t\t\t\t<section class=\"elementor-section elementor-top-section elementor-element elementor-element-58c9039 elementor-section-boxed elementor-section-height-default elementor-section-height-default\" data-id=\"58c9039\" data-element_type=\"section\" data-settings=\"{&quot;background_background&quot;:&quot;classic&quot;}\">\n\t\t\t\t\t\t<div class=\"elementor-container elementor-column-gap-default\">\n\t\t\t\t\t<div class=\"elementor-column elementor-col-100 elementor-top-column elementor-element elementor-element-a638476\" data-id=\"a638476\" data-element_type=\"column\">\n\t\t\t<div class=\"elementor-widget-wrap elementor-element-populated\">\n\t\t\t\t\t\t<div class=\"elementor-element elementor-element-dacaa24 elementor-widget elementor-widget-text-editor\" data-id=\"dacaa24\" data-element_type=\"widget\" data-widget_type=\"text-editor.default\">\n\t\t\t\t<div class=\"elementor-widget-container\">\n\t\t\t\t\t\t\t\t\t<p style=\"text-align: center;\"><span style=\"color: #000000;\"><strong><span style=\"font-family: tahoma, arial, helvetica, sans-serif;\">Rafael Augusto Neves Mazzoli &#8211; nascido em 1991 em Santos, S\u00e3o Paulo, Brasil<\/span><\/strong><\/span><\/p>\t\t\t\t\t\t\t\t<\/div>\n\t\t\t\t<\/div>\n\t\t\t\t\t<\/div>\n\t\t<\/div>\n\t\t\t\t\t<\/div>\n\t\t<\/section>\n\t\t\t\t<\/div>\n\t\t","protected":false},"excerpt":{"rendered":"<p>Sobre mim Quando era crian\u00e7a, eu n\u00e3o era f\u00e3 de nenhum grupo musical, banda ou cantor, e era totalmente indiferente em rela\u00e7\u00e3o a qualquer m\u00fasica que, de uma forma ou de outra, eu acabasse escutando. Entretanto, havia uma exce\u00e7\u00e3o: as trilhas sonoras de alguns filmes e jogos eletr\u00f4nicos.J\u00e1 naquela \u00e9poca, eu ficava fascinado com a [&hellip;]<\/p>\n","protected":false},"author":1,"featured_media":0,"parent":0,"menu_order":0,"comment_status":"closed","ping_status":"closed","template":"","meta":{"om_disable_all_campaigns":false,"_monsterinsights_skip_tracking":false,"_monsterinsights_sitenote_active":false,"_monsterinsights_sitenote_note":"","_monsterinsights_sitenote_category":0,"site-sidebar-layout":"no-sidebar","site-content-layout":"page-builder","ast-site-content-layout":"default","site-content-style":"default","site-sidebar-style":"default","ast-global-header-display":"","ast-banner-title-visibility":"","ast-main-header-display":"","ast-hfb-above-header-display":"","ast-hfb-below-header-display":"","ast-hfb-mobile-header-display":"","site-post-title":"disabled","ast-breadcrumbs-content":"","ast-featured-img":"disabled","footer-sml-layout":"","theme-transparent-header-meta":"default","adv-header-id-meta":"","stick-header-meta":"","header-above-stick-meta":"","header-main-stick-meta":"","header-below-stick-meta":"","astra-migrate-meta-layouts":"default","ast-page-background-enabled":"default","ast-page-background-meta":{"desktop":{"background-color":"var(--ast-global-color-4)","background-image":"","background-repeat":"repeat","background-position":"center center","background-size":"auto","background-attachment":"scroll","background-type":"","background-media":"","overlay-type":"","overlay-color":"","overlay-opacity":"","overlay-gradient":""},"tablet":{"background-color":"","background-image":"","background-repeat":"repeat","background-position":"center center","background-size":"auto","background-attachment":"scroll","background-type":"","background-media":"","overlay-type":"","overlay-color":"","overlay-opacity":"","overlay-gradient":""},"mobile":{"background-color":"","background-image":"","background-repeat":"repeat","background-position":"center center","background-size":"auto","background-attachment":"scroll","background-type":"","background-media":"","overlay-type":"","overlay-color":"","overlay-opacity":"","overlay-gradient":""}},"ast-content-background-meta":{"desktop":{"background-color":"var(--ast-global-color-5)","background-image":"","background-repeat":"repeat","background-position":"center center","background-size":"auto","background-attachment":"scroll","background-type":"","background-media":"","overlay-type":"","overlay-color":"","overlay-opacity":"","overlay-gradient":""},"tablet":{"background-color":"var(--ast-global-color-5)","background-image":"","background-repeat":"repeat","background-position":"center center","background-size":"auto","background-attachment":"scroll","background-type":"","background-media":"","overlay-type":"","overlay-color":"","overlay-opacity":"","overlay-gradient":""},"mobile":{"background-color":"var(--ast-global-color-5)","background-image":"","background-repeat":"repeat","background-position":"center center","background-size":"auto","background-attachment":"scroll","background-type":"","background-media":"","overlay-type":"","overlay-color":"","overlay-opacity":"","overlay-gradient":""}},"footnotes":""},"class_list":["post-866","page","type-page","status-publish","hentry"],"aioseo_notices":[],"_links":{"self":[{"href":"https:\/\/augustomazzoli.com\/index.php\/wp-json\/wp\/v2\/pages\/866","targetHints":{"allow":["GET"]}}],"collection":[{"href":"https:\/\/augustomazzoli.com\/index.php\/wp-json\/wp\/v2\/pages"}],"about":[{"href":"https:\/\/augustomazzoli.com\/index.php\/wp-json\/wp\/v2\/types\/page"}],"author":[{"embeddable":true,"href":"https:\/\/augustomazzoli.com\/index.php\/wp-json\/wp\/v2\/users\/1"}],"replies":[{"embeddable":true,"href":"https:\/\/augustomazzoli.com\/index.php\/wp-json\/wp\/v2\/comments?post=866"}],"version-history":[{"count":4,"href":"https:\/\/augustomazzoli.com\/index.php\/wp-json\/wp\/v2\/pages\/866\/revisions"}],"predecessor-version":[{"id":870,"href":"https:\/\/augustomazzoli.com\/index.php\/wp-json\/wp\/v2\/pages\/866\/revisions\/870"}],"wp:attachment":[{"href":"https:\/\/augustomazzoli.com\/index.php\/wp-json\/wp\/v2\/media?parent=866"}],"curies":[{"name":"wp","href":"https:\/\/api.w.org\/{rel}","templated":true}]}}