{"id":861,"date":"2022-08-06T10:29:11","date_gmt":"2022-08-06T13:29:11","guid":{"rendered":"https:\/\/augustomazzoli.com\/?page_id=861"},"modified":"2022-12-02T18:59:11","modified_gmt":"2022-12-02T21:59:11","slug":"pacotes-para-jogos","status":"publish","type":"page","link":"https:\/\/augustomazzoli.com\/index.php\/pt\/pacotes-para-jogos\/","title":{"rendered":"Pacotes para jogos"},"content":{"rendered":"\t\t<div data-elementor-type=\"wp-page\" data-elementor-id=\"861\" class=\"elementor elementor-861\">\n\t\t\t\t\t\t<section class=\"elementor-section elementor-top-section elementor-element elementor-element-6ffeb7a2 elementor-section-full_width elementor-section-stretched elementor-section-height-default elementor-section-height-default\" data-id=\"6ffeb7a2\" data-element_type=\"section\" data-settings=\"{&quot;stretch_section&quot;:&quot;section-stretched&quot;,&quot;background_background&quot;:&quot;classic&quot;}\">\n\t\t\t\t\t\t\t<div class=\"elementor-background-overlay\"><\/div>\n\t\t\t\t\t\t\t<div class=\"elementor-container elementor-column-gap-default\">\n\t\t\t\t\t<div class=\"elementor-column elementor-col-100 elementor-top-column elementor-element elementor-element-59511f44\" data-id=\"59511f44\" data-element_type=\"column\">\n\t\t\t<div class=\"elementor-widget-wrap elementor-element-populated\">\n\t\t\t\t\t\t<div class=\"elementor-element elementor-element-1d4a5047 elementor-widget elementor-widget-heading\" data-id=\"1d4a5047\" data-element_type=\"widget\" data-widget_type=\"heading.default\">\n\t\t\t\t<div class=\"elementor-widget-container\">\n\t\t\t\t\t<h2 class=\"elementor-heading-title elementor-size-xl\">Pacotes para jogos<\/h2>\t\t\t\t<\/div>\n\t\t\t\t<\/div>\n\t\t\t\t\t<\/div>\n\t\t<\/div>\n\t\t\t\t\t<\/div>\n\t\t<\/section>\n\t\t\t\t<section class=\"elementor-section elementor-top-section elementor-element elementor-element-63ccadd2 elementor-section-boxed elementor-section-height-default elementor-section-height-default\" data-id=\"63ccadd2\" data-element_type=\"section\" data-settings=\"{&quot;background_background&quot;:&quot;classic&quot;}\">\n\t\t\t\t\t\t<div class=\"elementor-container elementor-column-gap-default\">\n\t\t\t\t\t<div class=\"elementor-column elementor-col-100 elementor-top-column elementor-element elementor-element-23d40ca3\" data-id=\"23d40ca3\" data-element_type=\"column\">\n\t\t\t<div class=\"elementor-widget-wrap elementor-element-populated\">\n\t\t\t\t\t\t<section class=\"elementor-section elementor-inner-section elementor-element elementor-element-7ca07cd0 elementor-section-boxed elementor-section-height-default elementor-section-height-default\" data-id=\"7ca07cd0\" data-element_type=\"section\">\n\t\t\t\t\t\t<div class=\"elementor-container elementor-column-gap-default\">\n\t\t\t\t\t<div class=\"elementor-column elementor-col-50 elementor-inner-column elementor-element elementor-element-4335bca4\" data-id=\"4335bca4\" data-element_type=\"column\">\n\t\t\t<div class=\"elementor-widget-wrap elementor-element-populated\">\n\t\t\t\t\t\t<div class=\"elementor-element elementor-element-388fca34 elementor-widget elementor-widget-image\" data-id=\"388fca34\" data-element_type=\"widget\" data-widget_type=\"image.default\">\n\t\t\t\t<div class=\"elementor-widget-container\">\n\t\t\t\t\t\t\t\t\t\t\t\t\t\t\t\t<a href=\"https:\/\/augustomazzoli.com\/index.php\/pt\/military-shooter-music-pack-pt\/\">\n\t\t\t\t\t\t\t<img fetchpriority=\"high\" decoding=\"async\" width=\"700\" height=\"466\" src=\"https:\/\/augustomazzoli.com\/wp-content\/uploads\/2022\/04\/700x466.jpg\" class=\"attachment-full size-full wp-image-738\" alt=\"\" srcset=\"https:\/\/augustomazzoli.com\/wp-content\/uploads\/2022\/04\/700x466.jpg 700w, https:\/\/augustomazzoli.com\/wp-content\/uploads\/2022\/04\/700x466-300x200.jpg 300w\" sizes=\"(max-width: 700px) 100vw, 700px\" \/>\t\t\t\t\t\t\t\t<\/a>\n\t\t\t\t\t\t\t\t\t\t\t\t\t\t\t<\/div>\n\t\t\t\t<\/div>\n\t\t\t\t\t<\/div>\n\t\t<\/div>\n\t\t\t\t<div class=\"elementor-column elementor-col-50 elementor-inner-column elementor-element elementor-element-79461589\" data-id=\"79461589\" data-element_type=\"column\">\n\t\t\t<div class=\"elementor-widget-wrap elementor-element-populated\">\n\t\t\t\t\t\t<div class=\"elementor-element elementor-element-3c3a452f elementor-widget elementor-widget-text-editor\" data-id=\"3c3a452f\" data-element_type=\"widget\" data-widget_type=\"text-editor.default\">\n\t\t\t\t<div class=\"elementor-widget-container\">\n\t\t\t\t\t\t\t\t\t<p style=\"text-align: center;\"><span style=\"color: #3a3a3a; font-size: 14pt;\">Military Shooter Music Pack <span style=\"color: #ff0000;\">(GR\u00c1TIS)<\/span><\/span><\/p>\t\t\t\t\t\t\t\t<\/div>\n\t\t\t\t<\/div>\n\t\t\t\t<div class=\"elementor-element elementor-element-16afe40 elementor-widget elementor-widget-text-editor\" data-id=\"16afe40\" data-element_type=\"widget\" data-widget_type=\"text-editor.default\">\n\t\t\t\t<div class=\"elementor-widget-container\">\n\t\t\t\t\t\t\t\t\t<p><span style=\"color: #3a3a3a;\">Faixas musicais feitas especialmente para jogos de tiro, a\u00e7\u00e3o e tem\u00e1tica militar.<\/span><\/p><p><span style=\"color: #3a3a3a;\">\ud83c\udfb5 23 faixas \u00fanicas (14 loops + 9 stingers)<\/span><\/p>\t\t\t\t\t\t\t\t<\/div>\n\t\t\t\t<\/div>\n\t\t\t\t<div class=\"elementor-element elementor-element-17f1af2 elementor-widget elementor-widget-text-editor\" data-id=\"17f1af2\" data-element_type=\"widget\" data-widget_type=\"text-editor.default\">\n\t\t\t\t<div class=\"elementor-widget-container\">\n\t\t\t\t\t\t\t\t\t<p>\u2192 <a title=\"Military Shooter Music Pack\" href=\"https:\/\/augustomazzoli.com\/index.php\/pt\/military-shooter-music-pack-pt\/\"><span style=\"color: #000000;\">Saber mais<\/span><\/a><\/p>\t\t\t\t\t\t\t\t<\/div>\n\t\t\t\t<\/div>\n\t\t\t\t\t<\/div>\n\t\t<\/div>\n\t\t\t\t\t<\/div>\n\t\t<\/section>\n\t\t\t\t<section class=\"elementor-section elementor-inner-section elementor-element elementor-element-06a3983 elementor-section-boxed elementor-section-height-default elementor-section-height-default\" data-id=\"06a3983\" data-element_type=\"section\">\n\t\t\t\t\t\t<div class=\"elementor-container elementor-column-gap-default\">\n\t\t\t\t\t<div class=\"elementor-column elementor-col-50 elementor-inner-column elementor-element elementor-element-d4d6053\" data-id=\"d4d6053\" data-element_type=\"column\">\n\t\t\t<div class=\"elementor-widget-wrap elementor-element-populated\">\n\t\t\t\t\t\t<div class=\"elementor-element elementor-element-fa1c985 elementor-widget elementor-widget-image\" data-id=\"fa1c985\" data-element_type=\"widget\" data-widget_type=\"image.default\">\n\t\t\t\t<div class=\"elementor-widget-container\">\n\t\t\t\t\t\t\t\t\t\t\t\t\t\t\t\t<a href=\"https:\/\/augustomazzoli.com\/index.php\/pt\/fantasy-journey-music-pack-pt\/\">\n\t\t\t\t\t\t\t<img decoding=\"async\" width=\"700\" height=\"466\" src=\"https:\/\/augustomazzoli.com\/wp-content\/uploads\/2021\/11\/700x466.png\" class=\"attachment-full size-full wp-image-519\" alt=\"\" srcset=\"https:\/\/augustomazzoli.com\/wp-content\/uploads\/2021\/11\/700x466.png 700w, https:\/\/augustomazzoli.com\/wp-content\/uploads\/2021\/11\/700x466-300x200.png 300w\" sizes=\"(max-width: 700px) 100vw, 700px\" \/>\t\t\t\t\t\t\t\t<\/a>\n\t\t\t\t\t\t\t\t\t\t\t\t\t\t\t<\/div>\n\t\t\t\t<\/div>\n\t\t\t\t\t<\/div>\n\t\t<\/div>\n\t\t\t\t<div class=\"elementor-column elementor-col-50 elementor-inner-column elementor-element elementor-element-84d2575\" data-id=\"84d2575\" data-element_type=\"column\">\n\t\t\t<div class=\"elementor-widget-wrap elementor-element-populated\">\n\t\t\t\t\t\t<div class=\"elementor-element elementor-element-e4961b3 elementor-widget elementor-widget-text-editor\" data-id=\"e4961b3\" data-element_type=\"widget\" data-widget_type=\"text-editor.default\">\n\t\t\t\t<div class=\"elementor-widget-container\">\n\t\t\t\t\t\t\t\t\t<p style=\"text-align: center;\"><span style=\"color: #3a3a3a; font-size: 14pt;\">Fantasy Journey Music Pack<\/span><\/p>\t\t\t\t\t\t\t\t<\/div>\n\t\t\t\t<\/div>\n\t\t\t\t<div class=\"elementor-element elementor-element-95a4d7e elementor-widget elementor-widget-text-editor\" data-id=\"95a4d7e\" data-element_type=\"widget\" data-widget_type=\"text-editor.default\">\n\t\t\t\t<div class=\"elementor-widget-container\">\n\t\t\t\t\t\t\t\t\t<p><span style=\"color: #3a3a3a; font-family: var( --e-global-typography-text-font-family ), Sans-serif; font-weight: var( --e-global-typography-text-font-weight ); font-size: 1rem;\">Faixas musicais feitas especialmente para jogos de fantasia, aventura, RPG ou de tem\u00e1tica medieval.<\/span><span style=\"color: #3a3a3a;\">\u00a0<\/span><\/p><p><span style=\"color: #3a3a3a;\">\ud83c\udfb5 67 faixas \u00fanicas (23 loops + 44 stingers)<\/span><\/p>\t\t\t\t\t\t\t\t<\/div>\n\t\t\t\t<\/div>\n\t\t\t\t<div class=\"elementor-element elementor-element-216df6a elementor-widget elementor-widget-text-editor\" data-id=\"216df6a\" data-element_type=\"widget\" data-widget_type=\"text-editor.default\">\n\t\t\t\t<div class=\"elementor-widget-container\">\n\t\t\t\t\t\t\t\t\t<p>\u2192 <a title=\"Fantasy Journey Music Pack\" href=\"https:\/\/augustomazzoli.com\/index.php\/pt\/fantasy-journey-music-pack-pt\/\"><span style=\"color: #000000;\">Saber mais<\/span><\/a><\/p>\t\t\t\t\t\t\t\t<\/div>\n\t\t\t\t<\/div>\n\t\t\t\t\t<\/div>\n\t\t<\/div>\n\t\t\t\t\t<\/div>\n\t\t<\/section>\n\t\t\t\t<section class=\"elementor-section elementor-inner-section elementor-element elementor-element-5ff7e86 elementor-section-boxed elementor-section-height-default elementor-section-height-default\" data-id=\"5ff7e86\" data-element_type=\"section\">\n\t\t\t\t\t\t<div class=\"elementor-container elementor-column-gap-default\">\n\t\t\t\t\t<div class=\"elementor-column elementor-col-50 elementor-inner-column elementor-element elementor-element-027f71f\" data-id=\"027f71f\" data-element_type=\"column\">\n\t\t\t<div class=\"elementor-widget-wrap elementor-element-populated\">\n\t\t\t\t\t\t<div class=\"elementor-element elementor-element-f177c55 elementor-widget elementor-widget-image\" data-id=\"f177c55\" data-element_type=\"widget\" data-widget_type=\"image.default\">\n\t\t\t\t<div class=\"elementor-widget-container\">\n\t\t\t\t\t\t\t\t\t\t\t\t\t\t\t\t<a href=\"https:\/\/augustomazzoli.com\/index.php\/pt\/16-bit-fantasy-music-pack-pt\/\">\n\t\t\t\t\t\t\t<img decoding=\"async\" width=\"700\" height=\"467\" src=\"https:\/\/augustomazzoli.com\/wp-content\/uploads\/2022\/03\/700x466.jpg\" class=\"attachment-full size-full wp-image-694\" alt=\"\" srcset=\"https:\/\/augustomazzoli.com\/wp-content\/uploads\/2022\/03\/700x466.jpg 700w, https:\/\/augustomazzoli.com\/wp-content\/uploads\/2022\/03\/700x466-300x200.jpg 300w\" sizes=\"(max-width: 700px) 100vw, 700px\" \/>\t\t\t\t\t\t\t\t<\/a>\n\t\t\t\t\t\t\t\t\t\t\t\t\t\t\t<\/div>\n\t\t\t\t<\/div>\n\t\t\t\t\t<\/div>\n\t\t<\/div>\n\t\t\t\t<div class=\"elementor-column elementor-col-50 elementor-inner-column elementor-element elementor-element-bdc9849\" data-id=\"bdc9849\" data-element_type=\"column\">\n\t\t\t<div class=\"elementor-widget-wrap elementor-element-populated\">\n\t\t\t\t\t\t<div class=\"elementor-element elementor-element-9b6201a elementor-widget elementor-widget-text-editor\" data-id=\"9b6201a\" data-element_type=\"widget\" data-widget_type=\"text-editor.default\">\n\t\t\t\t<div class=\"elementor-widget-container\">\n\t\t\t\t\t\t\t\t\t<p style=\"text-align: center;\"><span style=\"color: #3a3a3a; font-size: 14pt;\">16-Bit Fantasy Music Pack<\/span><\/p>\t\t\t\t\t\t\t\t<\/div>\n\t\t\t\t<\/div>\n\t\t\t\t<div class=\"elementor-element elementor-element-f6bd69a elementor-widget elementor-widget-text-editor\" data-id=\"f6bd69a\" data-element_type=\"widget\" data-widget_type=\"text-editor.default\">\n\t\t\t\t<div class=\"elementor-widget-container\">\n\t\t\t\t\t\t\t\t\t<p><span style=\"color: #3a3a3a;\">Vers\u00e3o 16-bit de\u00a0<i>Fantasy Journey Music Pack<\/i>\u00a0&#8211; faixas musicais feitas especialmente para jogos de fantasia, aventura, RPG ou de tem\u00e1tica medieval.\u00a0<\/span><\/p><p><span style=\"color: #3a3a3a;\">\ud83c\udfb5 67 faixas \u00fanicas (23 loops + 44 stingers)<\/span><\/p>\t\t\t\t\t\t\t\t<\/div>\n\t\t\t\t<\/div>\n\t\t\t\t<div class=\"elementor-element elementor-element-d6f75d7 elementor-widget elementor-widget-text-editor\" data-id=\"d6f75d7\" data-element_type=\"widget\" data-widget_type=\"text-editor.default\">\n\t\t\t\t<div class=\"elementor-widget-container\">\n\t\t\t\t\t\t\t\t\t<p>\u2192 <a title=\"Fantasy Journey Music Pack\" href=\"https:\/\/augustomazzoli.com\/index.php\/pt\/16-bit-fantasy-music-pack-pt\/\"><span style=\"color: #000000;\">Saber mais<\/span><\/a><\/p>\t\t\t\t\t\t\t\t<\/div>\n\t\t\t\t<\/div>\n\t\t\t\t\t<\/div>\n\t\t<\/div>\n\t\t\t\t\t<\/div>\n\t\t<\/section>\n\t\t\t\t\t<\/div>\n\t\t<\/div>\n\t\t\t\t\t<\/div>\n\t\t<\/section>\n\t\t\t\t<\/div>\n\t\t","protected":false},"excerpt":{"rendered":"<p>Pacotes para jogos Military Shooter Music Pack (GR\u00c1TIS) Faixas musicais feitas especialmente para jogos de tiro, a\u00e7\u00e3o e tem\u00e1tica militar. \ud83c\udfb5 23 faixas \u00fanicas (14 loops + 9 stingers) \u2192 Saber mais Fantasy Journey Music Pack Faixas musicais feitas especialmente para jogos de fantasia, aventura, RPG ou de tem\u00e1tica medieval. \ud83c\udfb5 67 faixas \u00fanicas (23 [&hellip;]<\/p>\n","protected":false},"author":1,"featured_media":0,"parent":0,"menu_order":0,"comment_status":"closed","ping_status":"closed","template":"","meta":{"om_disable_all_campaigns":false,"_monsterinsights_skip_tracking":false,"_monsterinsights_sitenote_active":false,"_monsterinsights_sitenote_note":"","_monsterinsights_sitenote_category":0,"site-sidebar-layout":"no-sidebar","site-content-layout":"page-builder","ast-site-content-layout":"default","site-content-style":"default","site-sidebar-style":"default","ast-global-header-display":"","ast-banner-title-visibility":"","ast-main-header-display":"","ast-hfb-above-header-display":"","ast-hfb-below-header-display":"","ast-hfb-mobile-header-display":"","site-post-title":"disabled","ast-breadcrumbs-content":"","ast-featured-img":"disabled","footer-sml-layout":"","theme-transparent-header-meta":"default","adv-header-id-meta":"","stick-header-meta":"","header-above-stick-meta":"","header-main-stick-meta":"","header-below-stick-meta":"","astra-migrate-meta-layouts":"default","ast-page-background-enabled":"default","ast-page-background-meta":{"desktop":{"background-color":"var(--ast-global-color-4)","background-image":"","background-repeat":"repeat","background-position":"center center","background-size":"auto","background-attachment":"scroll","background-type":"","background-media":"","overlay-type":"","overlay-color":"","overlay-opacity":"","overlay-gradient":""},"tablet":{"background-color":"","background-image":"","background-repeat":"repeat","background-position":"center center","background-size":"auto","background-attachment":"scroll","background-type":"","background-media":"","overlay-type":"","overlay-color":"","overlay-opacity":"","overlay-gradient":""},"mobile":{"background-color":"","background-image":"","background-repeat":"repeat","background-position":"center center","background-size":"auto","background-attachment":"scroll","background-type":"","background-media":"","overlay-type":"","overlay-color":"","overlay-opacity":"","overlay-gradient":""}},"ast-content-background-meta":{"desktop":{"background-color":"var(--ast-global-color-5)","background-image":"","background-repeat":"repeat","background-position":"center center","background-size":"auto","background-attachment":"scroll","background-type":"","background-media":"","overlay-type":"","overlay-color":"","overlay-opacity":"","overlay-gradient":""},"tablet":{"background-color":"var(--ast-global-color-5)","background-image":"","background-repeat":"repeat","background-position":"center center","background-size":"auto","background-attachment":"scroll","background-type":"","background-media":"","overlay-type":"","overlay-color":"","overlay-opacity":"","overlay-gradient":""},"mobile":{"background-color":"var(--ast-global-color-5)","background-image":"","background-repeat":"repeat","background-position":"center center","background-size":"auto","background-attachment":"scroll","background-type":"","background-media":"","overlay-type":"","overlay-color":"","overlay-opacity":"","overlay-gradient":""}},"footnotes":""},"class_list":["post-861","page","type-page","status-publish","hentry"],"aioseo_notices":[],"_links":{"self":[{"href":"https:\/\/augustomazzoli.com\/index.php\/wp-json\/wp\/v2\/pages\/861","targetHints":{"allow":["GET"]}}],"collection":[{"href":"https:\/\/augustomazzoli.com\/index.php\/wp-json\/wp\/v2\/pages"}],"about":[{"href":"https:\/\/augustomazzoli.com\/index.php\/wp-json\/wp\/v2\/types\/page"}],"author":[{"embeddable":true,"href":"https:\/\/augustomazzoli.com\/index.php\/wp-json\/wp\/v2\/users\/1"}],"replies":[{"embeddable":true,"href":"https:\/\/augustomazzoli.com\/index.php\/wp-json\/wp\/v2\/comments?post=861"}],"version-history":[{"count":12,"href":"https:\/\/augustomazzoli.com\/index.php\/wp-json\/wp\/v2\/pages\/861\/revisions"}],"predecessor-version":[{"id":982,"href":"https:\/\/augustomazzoli.com\/index.php\/wp-json\/wp\/v2\/pages\/861\/revisions\/982"}],"wp:attachment":[{"href":"https:\/\/augustomazzoli.com\/index.php\/wp-json\/wp\/v2\/media?parent=861"}],"curies":[{"name":"wp","href":"https:\/\/api.w.org\/{rel}","templated":true}]}}