{"id":856,"date":"2022-08-06T10:24:08","date_gmt":"2022-08-06T13:24:08","guid":{"rendered":"https:\/\/augustomazzoli.com\/?page_id=856"},"modified":"2022-08-06T10:27:23","modified_gmt":"2022-08-06T13:27:23","slug":"16-bit-fantasy-music-pack-pt","status":"publish","type":"page","link":"https:\/\/augustomazzoli.com\/index.php\/pt\/16-bit-fantasy-music-pack-pt\/","title":{"rendered":"16-Bit Fantasy Music Pack"},"content":{"rendered":"\t\t<div data-elementor-type=\"wp-page\" data-elementor-id=\"856\" class=\"elementor elementor-856\">\n\t\t\t\t\t\t<section class=\"elementor-section elementor-top-section elementor-element elementor-element-c4a17f4 elementor-section-boxed elementor-section-height-default elementor-section-height-default\" data-id=\"c4a17f4\" data-element_type=\"section\" data-settings=\"{&quot;background_background&quot;:&quot;classic&quot;}\">\n\t\t\t\t\t\t<div class=\"elementor-container elementor-column-gap-default\">\n\t\t\t\t\t<div class=\"elementor-column elementor-col-100 elementor-top-column elementor-element elementor-element-40c619fd\" data-id=\"40c619fd\" data-element_type=\"column\">\n\t\t\t<div class=\"elementor-widget-wrap elementor-element-populated\">\n\t\t\t\t\t\t<section class=\"elementor-section elementor-inner-section elementor-element elementor-element-df700f1 elementor-section-boxed elementor-section-height-default elementor-section-height-default\" data-id=\"df700f1\" data-element_type=\"section\">\n\t\t\t\t\t\t<div class=\"elementor-container elementor-column-gap-default\">\n\t\t\t\t\t<div class=\"elementor-column elementor-col-100 elementor-inner-column elementor-element elementor-element-6e8fad2e\" data-id=\"6e8fad2e\" data-element_type=\"column\">\n\t\t\t<div class=\"elementor-widget-wrap elementor-element-populated\">\n\t\t\t\t\t\t<div class=\"elementor-element elementor-element-441fef58 elementor-widget elementor-widget-image\" data-id=\"441fef58\" data-element_type=\"widget\" data-widget_type=\"image.default\">\n\t\t\t\t<div class=\"elementor-widget-container\">\n\t\t\t\t\t\t\t\t\t\t\t\t\t\t\t<img fetchpriority=\"high\" decoding=\"async\" width=\"1267\" height=\"714\" src=\"https:\/\/augustomazzoli.com\/wp-content\/uploads\/2022\/03\/16fmp_page.jpg\" class=\"attachment-full size-full wp-image-683\" alt=\"\" srcset=\"https:\/\/augustomazzoli.com\/wp-content\/uploads\/2022\/03\/16fmp_page.jpg 1267w, https:\/\/augustomazzoli.com\/wp-content\/uploads\/2022\/03\/16fmp_page-300x169.jpg 300w, https:\/\/augustomazzoli.com\/wp-content\/uploads\/2022\/03\/16fmp_page-1024x577.jpg 1024w, https:\/\/augustomazzoli.com\/wp-content\/uploads\/2022\/03\/16fmp_page-768x433.jpg 768w\" sizes=\"(max-width: 1267px) 100vw, 1267px\" \/>\t\t\t\t\t\t\t\t\t\t\t\t\t\t\t<\/div>\n\t\t\t\t<\/div>\n\t\t\t\t\t<\/div>\n\t\t<\/div>\n\t\t\t\t\t<\/div>\n\t\t<\/section>\n\t\t\t\t<section class=\"elementor-section elementor-inner-section elementor-element elementor-element-11a554b7 elementor-section-boxed elementor-section-height-default elementor-section-height-default\" data-id=\"11a554b7\" data-element_type=\"section\">\n\t\t\t\t\t\t<div class=\"elementor-container elementor-column-gap-default\">\n\t\t\t\t\t<div class=\"elementor-column elementor-col-100 elementor-inner-column elementor-element elementor-element-2f52883d\" data-id=\"2f52883d\" data-element_type=\"column\">\n\t\t\t<div class=\"elementor-widget-wrap elementor-element-populated\">\n\t\t\t\t\t\t<div class=\"elementor-element elementor-element-498dd3e1 elementor-widget elementor-widget-text-editor\" data-id=\"498dd3e1\" data-element_type=\"widget\" data-widget_type=\"text-editor.default\">\n\t\t\t\t<div class=\"elementor-widget-container\">\n\t\t\t\t\t\t\t\t\t<p><span style=\"color: #3a3a3a;\">\u00a0<\/span><\/p><p style=\"font-size: 15px; font-weight: 400;\"><span style=\"font-style: normal;\">Esta \u00e9 a vers\u00e3o 16-bit de <\/span><i>Fantasy Journey Music Pack<\/i>, um pacote que cont\u00e9m faixas musicais feitas especialmente para\u00a0<span style=\"font-style: normal; font-weight: bold;\">jogos de fantasia, aventura, RPG ou de tem\u00e1tica medieval<\/span>.<\/p><p style=\"font-size: 15px; font-style: normal; font-weight: 400;\">Ele inclui\u00a0<span style=\"font-weight: bold;\">diversas faixas em loop<\/span>\u00a0destinadas a muitas situa\u00e7\u00f5es, tais como: vilarejo, laborat\u00f3rio de alquimista, campo, deserto, neve\/inverno, taverna, canto sagrado, can\u00e7\u00e3o de ninar, santu\u00e1rio, tribo selvagem, caverna, floresta nublada, a\u00e7\u00e3o e chef\u00e3o.<\/p><p style=\"font-size: 15px; font-style: normal; font-weight: 400;\">Ele tamb\u00e9m cont\u00e9m pequenos stingers musicais para<span style=\"font-weight: bold;\">\u00a0eventos positivos, neutros e negativos\u00a0<\/span>\u2013 como fanfarras de vit\u00f3ria, itens encontrados, e game over.<\/p><p style=\"font-size: 15px; font-style: normal; font-weight: 400;\"><span style=\"font-weight: bold;\">Notas:<\/span><\/p><p style=\"font-size: 15px; font-style: normal; font-weight: 400;\">\u2022 existem 3 loops de a\u00e7\u00e3o (<em>Adrenaline Blasts<\/em>) com 3 vers\u00f5es cada, de acordo com diferentes n\u00edveis de intensidade, totalizando 9 faixas \u00fanicas;<\/p><p style=\"font-size: 15px; font-style: normal; font-weight: 400;\">\u2022 existem 6 stingers positivos, 6 negativos e 4 neutros, em 3 vers\u00f5es cada (2 vers\u00f5es para os neutros), de acordo com diferentes n\u00edveis de intensidade, totalizando 44 faixas \u00fanicas;<\/p><p><span style=\"color: #3a3a3a;\">\u2022 todos os arquivos s\u00e3o est\u00e9reo, 44.1 kHz, 16 bit, WAV.<\/span><\/p><p><span style=\"font-style: inherit; font-weight: inherit; color: var( --e-global-color-astglobalcolor1 ); font-family: var( --e-global-typography-text-font-family ), Sans-serif;\">Para informa\u00e7\u00f5es mais detalhadas, clique\u00a0<\/span><a title=\"16-Bit Fantasy Music Pack\" href=\"https:\/\/augustomazzoli.com\/16FMP.pdf\" target=\"_blank\" rel=\"noopener\">aqui<\/a><span style=\"font-style: inherit; font-weight: inherit; color: var( --e-global-color-astglobalcolor1 ); font-family: var( --e-global-typography-text-font-family ), Sans-serif;\">.<\/span><\/p>\t\t\t\t\t\t\t\t<\/div>\n\t\t\t\t<\/div>\n\t\t\t\t\t<\/div>\n\t\t<\/div>\n\t\t\t\t\t<\/div>\n\t\t<\/section>\n\t\t\t\t<section class=\"elementor-section elementor-inner-section elementor-element elementor-element-6406fa53 elementor-section-boxed elementor-section-height-default elementor-section-height-default\" data-id=\"6406fa53\" data-element_type=\"section\">\n\t\t\t\t\t\t<div class=\"elementor-container elementor-column-gap-default\">\n\t\t\t\t\t<div class=\"elementor-column elementor-col-100 elementor-inner-column elementor-element elementor-element-e81525\" data-id=\"e81525\" data-element_type=\"column\">\n\t\t\t<div class=\"elementor-widget-wrap elementor-element-populated\">\n\t\t\t\t\t\t<div class=\"elementor-element elementor-element-3995d1d2 elementor-widget elementor-widget-heading\" data-id=\"3995d1d2\" data-element_type=\"widget\" data-widget_type=\"heading.default\">\n\t\t\t\t<div class=\"elementor-widget-container\">\n\t\t\t\t\t<h2 class=\"elementor-heading-title elementor-size-default\">Dispon\u00edvel para licenciamento em:<\/h2>\t\t\t\t<\/div>\n\t\t\t\t<\/div>\n\t\t\t\t\t<\/div>\n\t\t<\/div>\n\t\t\t\t\t<\/div>\n\t\t<\/section>\n\t\t\t\t<section class=\"elementor-section elementor-inner-section elementor-element elementor-element-304af453 elementor-section-boxed elementor-section-height-default elementor-section-height-default\" data-id=\"304af453\" data-element_type=\"section\">\n\t\t\t\t\t\t<div class=\"elementor-container elementor-column-gap-default\">\n\t\t\t\t\t<div class=\"elementor-column elementor-col-25 elementor-inner-column elementor-element elementor-element-62cdce63\" data-id=\"62cdce63\" data-element_type=\"column\">\n\t\t\t<div class=\"elementor-widget-wrap elementor-element-populated\">\n\t\t\t\t\t\t<div class=\"elementor-element elementor-element-653f78d6 elementor-widget elementor-widget-image\" data-id=\"653f78d6\" data-element_type=\"widget\" data-widget_type=\"image.default\">\n\t\t\t\t<div class=\"elementor-widget-container\">\n\t\t\t\t\t\t\t\t\t\t\t\t\t\t\t\t<a href=\"https:\/\/assetstore.unity.com\/packages\/audio\/music\/16-bit-fantasy-music-pack-216091\" target=\"_blank\">\n\t\t\t\t\t\t\t<img decoding=\"async\" width=\"300\" height=\"169\" src=\"https:\/\/augustomazzoli.com\/wp-content\/uploads\/2021\/12\/unity-logo-300x169.png\" class=\"attachment-medium size-medium wp-image-646\" alt=\"\" srcset=\"https:\/\/augustomazzoli.com\/wp-content\/uploads\/2021\/12\/unity-logo-300x169.png 300w, https:\/\/augustomazzoli.com\/wp-content\/uploads\/2021\/12\/unity-logo.png 527w\" sizes=\"(max-width: 300px) 100vw, 300px\" \/>\t\t\t\t\t\t\t\t<\/a>\n\t\t\t\t\t\t\t\t\t\t\t\t\t\t\t<\/div>\n\t\t\t\t<\/div>\n\t\t\t\t\t<\/div>\n\t\t<\/div>\n\t\t\t\t<div class=\"elementor-column elementor-col-25 elementor-inner-column elementor-element elementor-element-27c136a5\" data-id=\"27c136a5\" data-element_type=\"column\">\n\t\t\t<div class=\"elementor-widget-wrap elementor-element-populated\">\n\t\t\t\t\t\t<div class=\"elementor-element elementor-element-6f03ac41 elementor-widget elementor-widget-image\" data-id=\"6f03ac41\" data-element_type=\"widget\" data-widget_type=\"image.default\">\n\t\t\t\t<div class=\"elementor-widget-container\">\n\t\t\t\t\t\t\t\t\t\t\t\t\t\t\t\t<a href=\"https:\/\/unrealengine.com\/marketplace\/en-US\/product\/16-bit-fantasy-music-pack\" target=\"_blank\">\n\t\t\t\t\t\t\t<img decoding=\"async\" width=\"150\" height=\"150\" src=\"https:\/\/augustomazzoli.com\/wp-content\/uploads\/2021\/11\/UE_Logo_icon-only_black-150x150.png\" class=\"attachment-thumbnail size-thumbnail wp-image-620\" alt=\"\" srcset=\"https:\/\/augustomazzoli.com\/wp-content\/uploads\/2021\/11\/UE_Logo_icon-only_black-150x150.png 150w, https:\/\/augustomazzoli.com\/wp-content\/uploads\/2021\/11\/UE_Logo_icon-only_black-300x300.png 300w, https:\/\/augustomazzoli.com\/wp-content\/uploads\/2021\/11\/UE_Logo_icon-only_black.png 337w\" sizes=\"(max-width: 150px) 100vw, 150px\" \/>\t\t\t\t\t\t\t\t<\/a>\n\t\t\t\t\t\t\t\t\t\t\t\t\t\t\t<\/div>\n\t\t\t\t<\/div>\n\t\t\t\t\t<\/div>\n\t\t<\/div>\n\t\t\t\t<div class=\"elementor-column elementor-col-25 elementor-inner-column elementor-element elementor-element-3fa56477\" data-id=\"3fa56477\" data-element_type=\"column\">\n\t\t\t<div class=\"elementor-widget-wrap elementor-element-populated\">\n\t\t\t\t\t\t<div class=\"elementor-element elementor-element-7879d92b elementor-widget elementor-widget-image\" data-id=\"7879d92b\" data-element_type=\"widget\" data-widget_type=\"image.default\">\n\t\t\t\t<div class=\"elementor-widget-container\">\n\t\t\t\t\t\t\t\t\t\t\t\t\t\t\t\t<a href=\"https:\/\/www.gamedevmarket.net\/asset\/16-bit-fantasy-music-pack\/\" target=\"_blank\">\n\t\t\t\t\t\t\t<img loading=\"lazy\" decoding=\"async\" width=\"300\" height=\"168\" src=\"https:\/\/augustomazzoli.com\/wp-content\/uploads\/2022\/01\/GDM_new_logo-300x168.png\" class=\"attachment-medium size-medium wp-image-661\" alt=\"\" srcset=\"https:\/\/augustomazzoli.com\/wp-content\/uploads\/2022\/01\/GDM_new_logo-300x168.png 300w, https:\/\/augustomazzoli.com\/wp-content\/uploads\/2022\/01\/elementor\/thumbs\/GDM_new_logo-pyl3lfuq7p6nbf2w1m6orap0ddfyxxeoid1cghp7x8.png 270w, https:\/\/augustomazzoli.com\/wp-content\/uploads\/2022\/01\/GDM_new_logo.png 328w\" sizes=\"(max-width: 300px) 100vw, 300px\" \/>\t\t\t\t\t\t\t\t<\/a>\n\t\t\t\t\t\t\t\t\t\t\t\t\t\t\t<\/div>\n\t\t\t\t<\/div>\n\t\t\t\t\t<\/div>\n\t\t<\/div>\n\t\t\t\t<div class=\"elementor-column elementor-col-25 elementor-inner-column elementor-element elementor-element-6d601ce8\" data-id=\"6d601ce8\" data-element_type=\"column\">\n\t\t\t<div class=\"elementor-widget-wrap elementor-element-populated\">\n\t\t\t\t\t\t<div class=\"elementor-element elementor-element-daf2ca2 elementor-widget elementor-widget-image\" data-id=\"daf2ca2\" data-element_type=\"widget\" data-widget_type=\"image.default\">\n\t\t\t\t<div class=\"elementor-widget-container\">\n\t\t\t\t\t\t\t\t\t\t\t\t\t\t\t\t<a href=\"https:\/\/augustomazzoli.itch.io\/16-bit-fantasy-music-pack\" target=\"_blank\">\n\t\t\t\t\t\t\t<img loading=\"lazy\" decoding=\"async\" width=\"150\" height=\"150\" src=\"https:\/\/augustomazzoli.com\/wp-content\/uploads\/2021\/11\/app-icon-150x150.png\" class=\"attachment-thumbnail size-thumbnail wp-image-569\" alt=\"\" srcset=\"https:\/\/augustomazzoli.com\/wp-content\/uploads\/2021\/11\/app-icon-150x150.png 150w, https:\/\/augustomazzoli.com\/wp-content\/uploads\/2021\/11\/app-icon-300x300.png 300w, https:\/\/augustomazzoli.com\/wp-content\/uploads\/2021\/11\/app-icon-1024x1024.png 1024w, https:\/\/augustomazzoli.com\/wp-content\/uploads\/2021\/11\/app-icon-768x768.png 768w, https:\/\/augustomazzoli.com\/wp-content\/uploads\/2021\/11\/app-icon.png 1200w\" sizes=\"(max-width: 150px) 100vw, 150px\" \/>\t\t\t\t\t\t\t\t<\/a>\n\t\t\t\t\t\t\t\t\t\t\t\t\t\t\t<\/div>\n\t\t\t\t<\/div>\n\t\t\t\t\t<\/div>\n\t\t<\/div>\n\t\t\t\t\t<\/div>\n\t\t<\/section>\n\t\t\t\t<section class=\"elementor-section elementor-inner-section elementor-element elementor-element-65f6a30a elementor-section-boxed elementor-section-height-default elementor-section-height-default\" data-id=\"65f6a30a\" data-element_type=\"section\">\n\t\t\t\t\t\t<div class=\"elementor-container elementor-column-gap-default\">\n\t\t\t\t\t<div class=\"elementor-column elementor-col-100 elementor-inner-column elementor-element elementor-element-6ba1c2f8\" data-id=\"6ba1c2f8\" data-element_type=\"column\">\n\t\t\t<div class=\"elementor-widget-wrap elementor-element-populated\">\n\t\t\t\t\t\t<div class=\"elementor-element elementor-element-702ccf0f elementor-widget elementor-widget-audio\" data-id=\"702ccf0f\" data-element_type=\"widget\" data-widget_type=\"audio.default\">\n\t\t\t\t<div class=\"elementor-widget-container\">\n\t\t\t\t\t\t\t\t<div class=\"elementor-soundcloud-wrapper\">\n\t\t\t\t<iframe width=\"500\" height=\"450\" frameborder=\"no\" src=\"https:\/\/w.soundcloud.com\/player\/?visual=false&#038;url=https%3A%2F%2Fapi.soundcloud.com%2Fplaylists%2F1410250081&#038;show_artwork=true&#038;maxheight=750&#038;maxwidth=500&#038;auto_play=false&#038;buying=false&#038;liking=false&#038;download=false&#038;sharing=false&#038;show_comments=false&#038;show_playcount=false&#038;show_user=false&#038;color\"><\/iframe>\t\t\t<\/div>\n\t\t\t\t\t\t\t<\/div>\n\t\t\t\t<\/div>\n\t\t\t\t\t<\/div>\n\t\t<\/div>\n\t\t\t\t\t<\/div>\n\t\t<\/section>\n\t\t\t\t\t<\/div>\n\t\t<\/div>\n\t\t\t\t\t<\/div>\n\t\t<\/section>\n\t\t\t\t<\/div>\n\t\t","protected":false},"excerpt":{"rendered":"<p>\u00a0 Esta \u00e9 a vers\u00e3o 16-bit de Fantasy Journey Music Pack, um pacote que cont\u00e9m faixas musicais feitas especialmente para\u00a0jogos de fantasia, aventura, RPG ou de tem\u00e1tica medieval. Ele inclui\u00a0diversas faixas em loop\u00a0destinadas a muitas situa\u00e7\u00f5es, tais como: vilarejo, laborat\u00f3rio de alquimista, campo, deserto, neve\/inverno, taverna, canto sagrado, can\u00e7\u00e3o de ninar, santu\u00e1rio, tribo selvagem, caverna, [&hellip;]<\/p>\n","protected":false},"author":1,"featured_media":0,"parent":0,"menu_order":0,"comment_status":"closed","ping_status":"closed","template":"","meta":{"om_disable_all_campaigns":false,"_monsterinsights_skip_tracking":false,"_monsterinsights_sitenote_active":false,"_monsterinsights_sitenote_note":"","_monsterinsights_sitenote_category":0,"site-sidebar-layout":"no-sidebar","site-content-layout":"page-builder","ast-site-content-layout":"default","site-content-style":"default","site-sidebar-style":"default","ast-global-header-display":"","ast-banner-title-visibility":"","ast-main-header-display":"","ast-hfb-above-header-display":"","ast-hfb-below-header-display":"","ast-hfb-mobile-header-display":"","site-post-title":"disabled","ast-breadcrumbs-content":"","ast-featured-img":"disabled","footer-sml-layout":"","theme-transparent-header-meta":"default","adv-header-id-meta":"","stick-header-meta":"","header-above-stick-meta":"","header-main-stick-meta":"","header-below-stick-meta":"","astra-migrate-meta-layouts":"default","ast-page-background-enabled":"default","ast-page-background-meta":{"desktop":{"background-color":"var(--ast-global-color-4)","background-image":"","background-repeat":"repeat","background-position":"center center","background-size":"auto","background-attachment":"scroll","background-type":"","background-media":"","overlay-type":"","overlay-color":"","overlay-opacity":"","overlay-gradient":""},"tablet":{"background-color":"","background-image":"","background-repeat":"repeat","background-position":"center center","background-size":"auto","background-attachment":"scroll","background-type":"","background-media":"","overlay-type":"","overlay-color":"","overlay-opacity":"","overlay-gradient":""},"mobile":{"background-color":"","background-image":"","background-repeat":"repeat","background-position":"center center","background-size":"auto","background-attachment":"scroll","background-type":"","background-media":"","overlay-type":"","overlay-color":"","overlay-opacity":"","overlay-gradient":""}},"ast-content-background-meta":{"desktop":{"background-color":"var(--ast-global-color-5)","background-image":"","background-repeat":"repeat","background-position":"center center","background-size":"auto","background-attachment":"scroll","background-type":"","background-media":"","overlay-type":"","overlay-color":"","overlay-opacity":"","overlay-gradient":""},"tablet":{"background-color":"var(--ast-global-color-5)","background-image":"","background-repeat":"repeat","background-position":"center center","background-size":"auto","background-attachment":"scroll","background-type":"","background-media":"","overlay-type":"","overlay-color":"","overlay-opacity":"","overlay-gradient":""},"mobile":{"background-color":"var(--ast-global-color-5)","background-image":"","background-repeat":"repeat","background-position":"center center","background-size":"auto","background-attachment":"scroll","background-type":"","background-media":"","overlay-type":"","overlay-color":"","overlay-opacity":"","overlay-gradient":""}},"footnotes":""},"class_list":["post-856","page","type-page","status-publish","hentry"],"aioseo_notices":[],"_links":{"self":[{"href":"https:\/\/augustomazzoli.com\/index.php\/wp-json\/wp\/v2\/pages\/856","targetHints":{"allow":["GET"]}}],"collection":[{"href":"https:\/\/augustomazzoli.com\/index.php\/wp-json\/wp\/v2\/pages"}],"about":[{"href":"https:\/\/augustomazzoli.com\/index.php\/wp-json\/wp\/v2\/types\/page"}],"author":[{"embeddable":true,"href":"https:\/\/augustomazzoli.com\/index.php\/wp-json\/wp\/v2\/users\/1"}],"replies":[{"embeddable":true,"href":"https:\/\/augustomazzoli.com\/index.php\/wp-json\/wp\/v2\/comments?post=856"}],"version-history":[{"count":4,"href":"https:\/\/augustomazzoli.com\/index.php\/wp-json\/wp\/v2\/pages\/856\/revisions"}],"predecessor-version":[{"id":860,"href":"https:\/\/augustomazzoli.com\/index.php\/wp-json\/wp\/v2\/pages\/856\/revisions\/860"}],"wp:attachment":[{"href":"https:\/\/augustomazzoli.com\/index.php\/wp-json\/wp\/v2\/media?parent=856"}],"curies":[{"name":"wp","href":"https:\/\/api.w.org\/{rel}","templated":true}]}}