{"id":845,"date":"2022-08-06T10:01:29","date_gmt":"2022-08-06T13:01:29","guid":{"rendered":"https:\/\/augustomazzoli.com\/?page_id=845"},"modified":"2022-08-06T10:08:02","modified_gmt":"2022-08-06T13:08:02","slug":"military-shooter-music-pack-pt","status":"publish","type":"page","link":"https:\/\/augustomazzoli.com\/index.php\/pt\/military-shooter-music-pack-pt\/","title":{"rendered":"Military Shooter Music Pack"},"content":{"rendered":"\t\t<div data-elementor-type=\"wp-page\" data-elementor-id=\"845\" class=\"elementor elementor-845\">\n\t\t\t\t\t\t<section class=\"elementor-section elementor-top-section elementor-element elementor-element-2e13214b elementor-section-boxed elementor-section-height-default elementor-section-height-default\" data-id=\"2e13214b\" data-element_type=\"section\" data-settings=\"{&quot;background_background&quot;:&quot;classic&quot;}\">\n\t\t\t\t\t\t<div class=\"elementor-container elementor-column-gap-default\">\n\t\t\t\t\t<div class=\"elementor-column elementor-col-100 elementor-top-column elementor-element elementor-element-31cf52f1\" data-id=\"31cf52f1\" data-element_type=\"column\">\n\t\t\t<div class=\"elementor-widget-wrap elementor-element-populated\">\n\t\t\t\t\t\t<section class=\"elementor-section elementor-inner-section elementor-element elementor-element-5e86cd9b elementor-section-boxed elementor-section-height-default elementor-section-height-default\" data-id=\"5e86cd9b\" data-element_type=\"section\">\n\t\t\t\t\t\t<div class=\"elementor-container elementor-column-gap-default\">\n\t\t\t\t\t<div class=\"elementor-column elementor-col-100 elementor-inner-column elementor-element elementor-element-4f42eee3\" data-id=\"4f42eee3\" data-element_type=\"column\">\n\t\t\t<div class=\"elementor-widget-wrap elementor-element-populated\">\n\t\t\t\t\t\t<div class=\"elementor-element elementor-element-3954f565 elementor-widget elementor-widget-image\" data-id=\"3954f565\" data-element_type=\"widget\" data-widget_type=\"image.default\">\n\t\t\t\t<div class=\"elementor-widget-container\">\n\t\t\t\t\t\t\t\t\t\t\t\t\t\t\t<img fetchpriority=\"high\" decoding=\"async\" width=\"1920\" height=\"1080\" src=\"https:\/\/augustomazzoli.com\/wp-content\/uploads\/2022\/04\/169_half.jpg\" class=\"attachment-full size-full wp-image-734\" alt=\"\" srcset=\"https:\/\/augustomazzoli.com\/wp-content\/uploads\/2022\/04\/169_half.jpg 1920w, https:\/\/augustomazzoli.com\/wp-content\/uploads\/2022\/04\/169_half-300x169.jpg 300w, https:\/\/augustomazzoli.com\/wp-content\/uploads\/2022\/04\/169_half-1024x576.jpg 1024w, https:\/\/augustomazzoli.com\/wp-content\/uploads\/2022\/04\/169_half-768x432.jpg 768w, https:\/\/augustomazzoli.com\/wp-content\/uploads\/2022\/04\/169_half-1536x864.jpg 1536w\" sizes=\"(max-width: 1920px) 100vw, 1920px\" \/>\t\t\t\t\t\t\t\t\t\t\t\t\t\t\t<\/div>\n\t\t\t\t<\/div>\n\t\t\t\t\t<\/div>\n\t\t<\/div>\n\t\t\t\t\t<\/div>\n\t\t<\/section>\n\t\t\t\t<div class=\"elementor-element elementor-element-7ce21ac1 elementor-widget elementor-widget-text-editor\" data-id=\"7ce21ac1\" data-element_type=\"widget\" data-widget_type=\"text-editor.default\">\n\t\t\t\t<div class=\"elementor-widget-container\">\n\t\t\t\t\t\t\t\t\t<p style=\"text-align: right;\"><span style=\"color: #3a3a3a; font-size: 10pt;\">Foto original por\u00a0<a title=\"Pexels\/Pixabay\" href=\"https:\/\/www.pexels.com\/pt-br\/foto\/soldado-com-camisa-camuflada-163347\/\" target=\"_blank\" rel=\"noopener\">Pexels\/Pixabay<\/a><\/span><\/p>\t\t\t\t\t\t\t\t<\/div>\n\t\t\t\t<\/div>\n\t\t\t\t<section class=\"elementor-section elementor-inner-section elementor-element elementor-element-393d8d39 elementor-section-boxed elementor-section-height-default elementor-section-height-default\" data-id=\"393d8d39\" data-element_type=\"section\">\n\t\t\t\t\t\t<div class=\"elementor-container elementor-column-gap-default\">\n\t\t\t\t\t<div class=\"elementor-column elementor-col-100 elementor-inner-column elementor-element elementor-element-8387ee9\" data-id=\"8387ee9\" data-element_type=\"column\">\n\t\t\t<div class=\"elementor-widget-wrap elementor-element-populated\">\n\t\t\t\t\t\t<div class=\"elementor-element elementor-element-6f35d052 elementor-widget elementor-widget-text-editor\" data-id=\"6f35d052\" data-element_type=\"widget\" data-widget_type=\"text-editor.default\">\n\t\t\t\t<div class=\"elementor-widget-container\">\n\t\t\t\t\t\t\t\t\t<p>Este pacote cont\u00e9m faixas musicais feitas especialmente para <strong>jogos de tiro, a\u00e7\u00e3o e tem\u00e1tica militar.<\/strong><\/p><p>Ele inclui <strong>faixas de a\u00e7\u00e3o e de ambi\u00eancia em loop<\/strong>, bem como stingers musicais.<\/p><p><strong>Notas:<\/strong><\/p><ul><li>existem 3 vers\u00f5es para cada loop de a\u00e7\u00e3o e cada stinger;<\/li><li>todos os arquivos s\u00e3o est\u00e9reo, 44.1 kHz, 16 bit, WAV.<\/li><\/ul><p>Para informa\u00e7\u00f5es mais detalhadas, clique\u00a0<a title=\"Military Shooter Music Pack\" href=\"https:\/\/augustomazzoli.com\/MSMP.pdf\" target=\"_blank\" rel=\"noopener\">aqui<\/a>.<\/p>\t\t\t\t\t\t\t\t<\/div>\n\t\t\t\t<\/div>\n\t\t\t\t\t<\/div>\n\t\t<\/div>\n\t\t\t\t\t<\/div>\n\t\t<\/section>\n\t\t\t\t<section class=\"elementor-section elementor-inner-section elementor-element elementor-element-31f2ba81 elementor-section-boxed elementor-section-height-default elementor-section-height-default\" data-id=\"31f2ba81\" data-element_type=\"section\">\n\t\t\t\t\t\t<div class=\"elementor-container elementor-column-gap-default\">\n\t\t\t\t\t<div class=\"elementor-column elementor-col-100 elementor-inner-column elementor-element elementor-element-6a57a4f\" data-id=\"6a57a4f\" data-element_type=\"column\">\n\t\t\t<div class=\"elementor-widget-wrap elementor-element-populated\">\n\t\t\t\t\t\t<div class=\"elementor-element elementor-element-4ef285d elementor-widget elementor-widget-image\" data-id=\"4ef285d\" data-element_type=\"widget\" data-widget_type=\"image.default\">\n\t\t\t\t<div class=\"elementor-widget-container\">\n\t\t\t\t\t\t\t\t\t\t\t\t\t\t\t<img decoding=\"async\" src=\"https:\/\/augustomazzoli.com\/wp-content\/uploads\/elementor\/thumbs\/FREE-PNG-pyl3lfuo559e4q0oqr4nehnt2if8r0bdmhtyfnpwq0.png\" title=\"FREE\" alt=\"FREE\" loading=\"lazy\" \/>\t\t\t\t\t\t\t\t\t\t\t\t\t\t\t<\/div>\n\t\t\t\t<\/div>\n\t\t\t\t\t<\/div>\n\t\t<\/div>\n\t\t\t\t\t<\/div>\n\t\t<\/section>\n\t\t\t\t<section class=\"elementor-section elementor-inner-section elementor-element elementor-element-eb3571f elementor-section-boxed elementor-section-height-default elementor-section-height-default\" data-id=\"eb3571f\" data-element_type=\"section\">\n\t\t\t\t\t\t<div class=\"elementor-container elementor-column-gap-default\">\n\t\t\t\t\t<div class=\"elementor-column elementor-col-100 elementor-inner-column elementor-element elementor-element-9f8769f\" data-id=\"9f8769f\" data-element_type=\"column\">\n\t\t\t<div class=\"elementor-widget-wrap elementor-element-populated\">\n\t\t\t\t\t\t<div class=\"elementor-element elementor-element-8bb46ff elementor-widget elementor-widget-heading\" data-id=\"8bb46ff\" data-element_type=\"widget\" data-widget_type=\"heading.default\">\n\t\t\t\t<div class=\"elementor-widget-container\">\n\t\t\t\t\t<h2 class=\"elementor-heading-title elementor-size-default\">Dispon\u00edvel para licenciamento em:<\/h2>\t\t\t\t<\/div>\n\t\t\t\t<\/div>\n\t\t\t\t\t<\/div>\n\t\t<\/div>\n\t\t\t\t\t<\/div>\n\t\t<\/section>\n\t\t\t\t<section class=\"elementor-section elementor-inner-section elementor-element elementor-element-3d74baff elementor-section-boxed elementor-section-height-default elementor-section-height-default\" data-id=\"3d74baff\" data-element_type=\"section\">\n\t\t\t\t\t\t<div class=\"elementor-container elementor-column-gap-default\">\n\t\t\t\t\t<div class=\"elementor-column elementor-col-33 elementor-inner-column elementor-element elementor-element-504bd027\" data-id=\"504bd027\" data-element_type=\"column\">\n\t\t\t<div class=\"elementor-widget-wrap elementor-element-populated\">\n\t\t\t\t\t\t<div class=\"elementor-element elementor-element-2448c780 elementor-widget elementor-widget-image\" data-id=\"2448c780\" data-element_type=\"widget\" data-widget_type=\"image.default\">\n\t\t\t\t<div class=\"elementor-widget-container\">\n\t\t\t\t\t\t\t\t\t\t\t\t\t\t\t\t<a href=\"https:\/\/assetstore.unity.com\/packages\/slug\/219907\" target=\"_blank\">\n\t\t\t\t\t\t\t<img decoding=\"async\" width=\"300\" height=\"169\" src=\"https:\/\/augustomazzoli.com\/wp-content\/uploads\/2021\/12\/unity-logo-300x169.png\" class=\"attachment-medium size-medium wp-image-646\" alt=\"\" srcset=\"https:\/\/augustomazzoli.com\/wp-content\/uploads\/2021\/12\/unity-logo-300x169.png 300w, https:\/\/augustomazzoli.com\/wp-content\/uploads\/2021\/12\/unity-logo.png 527w\" sizes=\"(max-width: 300px) 100vw, 300px\" \/>\t\t\t\t\t\t\t\t<\/a>\n\t\t\t\t\t\t\t\t\t\t\t\t\t\t\t<\/div>\n\t\t\t\t<\/div>\n\t\t\t\t\t<\/div>\n\t\t<\/div>\n\t\t\t\t<div class=\"elementor-column elementor-col-33 elementor-inner-column elementor-element elementor-element-125c48ed\" data-id=\"125c48ed\" data-element_type=\"column\">\n\t\t\t<div class=\"elementor-widget-wrap elementor-element-populated\">\n\t\t\t\t\t\t<div class=\"elementor-element elementor-element-5c481e4d elementor-widget elementor-widget-image\" data-id=\"5c481e4d\" data-element_type=\"widget\" data-widget_type=\"image.default\">\n\t\t\t\t<div class=\"elementor-widget-container\">\n\t\t\t\t\t\t\t\t\t\t\t\t\t\t\t\t<a href=\"https:\/\/www.gamedevmarket.net\/asset\/military-shooter-music-pack\/\" target=\"_blank\">\n\t\t\t\t\t\t\t<img decoding=\"async\" src=\"https:\/\/augustomazzoli.com\/wp-content\/uploads\/elementor\/thumbs\/GDM_new_logo-pyl3lfuq7p6nbf2w1m6orap0ddfyxxeoid1cghp7x8.png\" title=\"GDM_new_logo\" alt=\"GDM_new_logo\" loading=\"lazy\" \/>\t\t\t\t\t\t\t\t<\/a>\n\t\t\t\t\t\t\t\t\t\t\t\t\t\t\t<\/div>\n\t\t\t\t<\/div>\n\t\t\t\t\t<\/div>\n\t\t<\/div>\n\t\t\t\t<div class=\"elementor-column elementor-col-33 elementor-inner-column elementor-element elementor-element-8f26ef3\" data-id=\"8f26ef3\" data-element_type=\"column\">\n\t\t\t<div class=\"elementor-widget-wrap elementor-element-populated\">\n\t\t\t\t\t\t<div class=\"elementor-element elementor-element-73d99a06 elementor-widget elementor-widget-image\" data-id=\"73d99a06\" data-element_type=\"widget\" data-widget_type=\"image.default\">\n\t\t\t\t<div class=\"elementor-widget-container\">\n\t\t\t\t\t\t\t\t\t\t\t\t\t\t\t\t<a href=\"https:\/\/augustomazzoli.itch.io\/military-shooter-music-pack\" target=\"_blank\">\n\t\t\t\t\t\t\t<img decoding=\"async\" width=\"150\" height=\"150\" src=\"https:\/\/augustomazzoli.com\/wp-content\/uploads\/2021\/11\/app-icon-150x150.png\" class=\"attachment-thumbnail size-thumbnail wp-image-569\" alt=\"\" srcset=\"https:\/\/augustomazzoli.com\/wp-content\/uploads\/2021\/11\/app-icon-150x150.png 150w, https:\/\/augustomazzoli.com\/wp-content\/uploads\/2021\/11\/app-icon-300x300.png 300w, https:\/\/augustomazzoli.com\/wp-content\/uploads\/2021\/11\/app-icon-1024x1024.png 1024w, https:\/\/augustomazzoli.com\/wp-content\/uploads\/2021\/11\/app-icon-768x768.png 768w, https:\/\/augustomazzoli.com\/wp-content\/uploads\/2021\/11\/app-icon.png 1200w\" sizes=\"(max-width: 150px) 100vw, 150px\" \/>\t\t\t\t\t\t\t\t<\/a>\n\t\t\t\t\t\t\t\t\t\t\t\t\t\t\t<\/div>\n\t\t\t\t<\/div>\n\t\t\t\t\t<\/div>\n\t\t<\/div>\n\t\t\t\t\t<\/div>\n\t\t<\/section>\n\t\t\t\t<section class=\"elementor-section elementor-inner-section elementor-element elementor-element-2bee834b elementor-section-boxed elementor-section-height-default elementor-section-height-default\" data-id=\"2bee834b\" data-element_type=\"section\">\n\t\t\t\t\t\t<div class=\"elementor-container elementor-column-gap-default\">\n\t\t\t\t\t<div class=\"elementor-column elementor-col-100 elementor-inner-column elementor-element elementor-element-15fc595a\" data-id=\"15fc595a\" data-element_type=\"column\">\n\t\t\t<div class=\"elementor-widget-wrap elementor-element-populated\">\n\t\t\t\t\t\t\t<\/div>\n\t\t<\/div>\n\t\t\t\t\t<\/div>\n\t\t<\/section>\n\t\t\t\t<section class=\"elementor-section elementor-inner-section elementor-element elementor-element-2562f15e elementor-section-boxed elementor-section-height-default elementor-section-height-default\" data-id=\"2562f15e\" data-element_type=\"section\">\n\t\t\t\t\t\t<div class=\"elementor-container elementor-column-gap-default\">\n\t\t\t\t\t<div class=\"elementor-column elementor-col-100 elementor-inner-column elementor-element elementor-element-8e813c4\" data-id=\"8e813c4\" data-element_type=\"column\">\n\t\t\t<div class=\"elementor-widget-wrap elementor-element-populated\">\n\t\t\t\t\t\t<div class=\"elementor-element elementor-element-6b7ea60c elementor-widget elementor-widget-audio\" data-id=\"6b7ea60c\" data-element_type=\"widget\" data-widget_type=\"audio.default\">\n\t\t\t\t<div class=\"elementor-widget-container\">\n\t\t\t\t\t\t\t\t<div class=\"elementor-soundcloud-wrapper\">\n\t\t\t\t<iframe width=\"500\" height=\"450\" frameborder=\"no\" src=\"https:\/\/w.soundcloud.com\/player\/?visual=false&#038;url=https%3A%2F%2Fapi.soundcloud.com%2Fplaylists%2F1426567723&#038;show_artwork=true&#038;maxheight=750&#038;maxwidth=500&#038;auto_play=false&#038;buying=false&#038;liking=false&#038;download=false&#038;sharing=false&#038;show_comments=false&#038;show_playcount=false&#038;show_user=false&#038;color\"><\/iframe>\t\t\t<\/div>\n\t\t\t\t\t\t\t<\/div>\n\t\t\t\t<\/div>\n\t\t\t\t\t<\/div>\n\t\t<\/div>\n\t\t\t\t\t<\/div>\n\t\t<\/section>\n\t\t\t\t\t<\/div>\n\t\t<\/div>\n\t\t\t\t\t<\/div>\n\t\t<\/section>\n\t\t\t\t<\/div>\n\t\t","protected":false},"excerpt":{"rendered":"<p>Foto original por\u00a0Pexels\/Pixabay Este pacote cont\u00e9m faixas musicais feitas especialmente para jogos de tiro, a\u00e7\u00e3o e tem\u00e1tica militar. Ele inclui faixas de a\u00e7\u00e3o e de ambi\u00eancia em loop, bem como stingers musicais. Notas: existem 3 vers\u00f5es para cada loop de a\u00e7\u00e3o e cada stinger; todos os arquivos s\u00e3o est\u00e9reo, 44.1 kHz, 16 bit, WAV. Para [&hellip;]<\/p>\n","protected":false},"author":1,"featured_media":0,"parent":0,"menu_order":0,"comment_status":"closed","ping_status":"closed","template":"","meta":{"om_disable_all_campaigns":false,"_monsterinsights_skip_tracking":false,"_monsterinsights_sitenote_active":false,"_monsterinsights_sitenote_note":"","_monsterinsights_sitenote_category":0,"site-sidebar-layout":"no-sidebar","site-content-layout":"page-builder","ast-site-content-layout":"default","site-content-style":"default","site-sidebar-style":"default","ast-global-header-display":"","ast-banner-title-visibility":"","ast-main-header-display":"","ast-hfb-above-header-display":"","ast-hfb-below-header-display":"","ast-hfb-mobile-header-display":"","site-post-title":"disabled","ast-breadcrumbs-content":"","ast-featured-img":"disabled","footer-sml-layout":"","theme-transparent-header-meta":"default","adv-header-id-meta":"","stick-header-meta":"","header-above-stick-meta":"","header-main-stick-meta":"","header-below-stick-meta":"","astra-migrate-meta-layouts":"default","ast-page-background-enabled":"default","ast-page-background-meta":{"desktop":{"background-color":"var(--ast-global-color-4)","background-image":"","background-repeat":"repeat","background-position":"center center","background-size":"auto","background-attachment":"scroll","background-type":"","background-media":"","overlay-type":"","overlay-color":"","overlay-opacity":"","overlay-gradient":""},"tablet":{"background-color":"","background-image":"","background-repeat":"repeat","background-position":"center center","background-size":"auto","background-attachment":"scroll","background-type":"","background-media":"","overlay-type":"","overlay-color":"","overlay-opacity":"","overlay-gradient":""},"mobile":{"background-color":"","background-image":"","background-repeat":"repeat","background-position":"center center","background-size":"auto","background-attachment":"scroll","background-type":"","background-media":"","overlay-type":"","overlay-color":"","overlay-opacity":"","overlay-gradient":""}},"ast-content-background-meta":{"desktop":{"background-color":"var(--ast-global-color-5)","background-image":"","background-repeat":"repeat","background-position":"center center","background-size":"auto","background-attachment":"scroll","background-type":"","background-media":"","overlay-type":"","overlay-color":"","overlay-opacity":"","overlay-gradient":""},"tablet":{"background-color":"var(--ast-global-color-5)","background-image":"","background-repeat":"repeat","background-position":"center center","background-size":"auto","background-attachment":"scroll","background-type":"","background-media":"","overlay-type":"","overlay-color":"","overlay-opacity":"","overlay-gradient":""},"mobile":{"background-color":"var(--ast-global-color-5)","background-image":"","background-repeat":"repeat","background-position":"center center","background-size":"auto","background-attachment":"scroll","background-type":"","background-media":"","overlay-type":"","overlay-color":"","overlay-opacity":"","overlay-gradient":""}},"footnotes":""},"class_list":["post-845","page","type-page","status-publish","hentry"],"aioseo_notices":[],"_links":{"self":[{"href":"https:\/\/augustomazzoli.com\/index.php\/wp-json\/wp\/v2\/pages\/845","targetHints":{"allow":["GET"]}}],"collection":[{"href":"https:\/\/augustomazzoli.com\/index.php\/wp-json\/wp\/v2\/pages"}],"about":[{"href":"https:\/\/augustomazzoli.com\/index.php\/wp-json\/wp\/v2\/types\/page"}],"author":[{"embeddable":true,"href":"https:\/\/augustomazzoli.com\/index.php\/wp-json\/wp\/v2\/users\/1"}],"replies":[{"embeddable":true,"href":"https:\/\/augustomazzoli.com\/index.php\/wp-json\/wp\/v2\/comments?post=845"}],"version-history":[{"count":4,"href":"https:\/\/augustomazzoli.com\/index.php\/wp-json\/wp\/v2\/pages\/845\/revisions"}],"predecessor-version":[{"id":850,"href":"https:\/\/augustomazzoli.com\/index.php\/wp-json\/wp\/v2\/pages\/845\/revisions\/850"}],"wp:attachment":[{"href":"https:\/\/augustomazzoli.com\/index.php\/wp-json\/wp\/v2\/media?parent=845"}],"curies":[{"name":"wp","href":"https:\/\/api.w.org\/{rel}","templated":true}]}}