{"id":1046,"date":"2022-12-02T20:18:04","date_gmt":"2022-12-02T23:18:04","guid":{"rendered":"https:\/\/augustomazzoli.com\/?page_id=1046"},"modified":"2022-12-02T20:23:58","modified_gmt":"2022-12-02T23:23:58","slug":"fantasy-journey-music-pack-es","status":"publish","type":"page","link":"https:\/\/augustomazzoli.com\/index.php\/es\/fantasy-journey-music-pack-es\/","title":{"rendered":"Fantasy Journey Music Pack"},"content":{"rendered":"\t\t<div data-elementor-type=\"wp-page\" data-elementor-id=\"1046\" class=\"elementor elementor-1046\">\n\t\t\t\t\t\t<section class=\"elementor-section elementor-top-section elementor-element elementor-element-1664774f elementor-section-boxed elementor-section-height-default elementor-section-height-default\" data-id=\"1664774f\" data-element_type=\"section\" data-settings=\"{&quot;background_background&quot;:&quot;classic&quot;}\">\n\t\t\t\t\t\t<div class=\"elementor-container elementor-column-gap-default\">\n\t\t\t\t\t<div class=\"elementor-column elementor-col-100 elementor-top-column elementor-element elementor-element-351952d2\" data-id=\"351952d2\" data-element_type=\"column\">\n\t\t\t<div class=\"elementor-widget-wrap elementor-element-populated\">\n\t\t\t\t\t\t<section class=\"elementor-section elementor-inner-section elementor-element elementor-element-217598b6 elementor-section-boxed elementor-section-height-default elementor-section-height-default\" data-id=\"217598b6\" data-element_type=\"section\">\n\t\t\t\t\t\t<div class=\"elementor-container elementor-column-gap-default\">\n\t\t\t\t\t<div class=\"elementor-column elementor-col-100 elementor-inner-column elementor-element elementor-element-5b2605ea\" data-id=\"5b2605ea\" data-element_type=\"column\">\n\t\t\t<div class=\"elementor-widget-wrap elementor-element-populated\">\n\t\t\t\t\t\t<div class=\"elementor-element elementor-element-5b3f1fde elementor-widget elementor-widget-image\" data-id=\"5b3f1fde\" data-element_type=\"widget\" data-widget_type=\"image.default\">\n\t\t\t\t<div class=\"elementor-widget-container\">\n\t\t\t\t\t\t\t\t\t\t\t\t\t\t\t<img fetchpriority=\"high\" decoding=\"async\" width=\"1267\" height=\"713\" src=\"https:\/\/augustomazzoli.com\/wp-content\/uploads\/2021\/11\/fjmp_page.jpg\" class=\"attachment-full size-full wp-image-556\" alt=\"\" srcset=\"https:\/\/augustomazzoli.com\/wp-content\/uploads\/2021\/11\/fjmp_page.jpg 1267w, https:\/\/augustomazzoli.com\/wp-content\/uploads\/2021\/11\/fjmp_page-300x169.jpg 300w, https:\/\/augustomazzoli.com\/wp-content\/uploads\/2021\/11\/fjmp_page-1024x576.jpg 1024w, https:\/\/augustomazzoli.com\/wp-content\/uploads\/2021\/11\/fjmp_page-768x432.jpg 768w\" sizes=\"(max-width: 1267px) 100vw, 1267px\" \/>\t\t\t\t\t\t\t\t\t\t\t\t\t\t\t<\/div>\n\t\t\t\t<\/div>\n\t\t\t\t\t<\/div>\n\t\t<\/div>\n\t\t\t\t\t<\/div>\n\t\t<\/section>\n\t\t\t\t<div class=\"elementor-element elementor-element-51fffa30 elementor-widget elementor-widget-text-editor\" data-id=\"51fffa30\" data-element_type=\"widget\" data-widget_type=\"text-editor.default\">\n\t\t\t\t<div class=\"elementor-widget-container\">\n\t\t\t\t\t\t\t\t\t<p style=\"text-align: right;\"><span style=\"color: #3a3a3a; font-size: 10pt;\">Arte de\u00a0<a title=\"Anna Derevyanko\" href=\"https:\/\/www.artstation.com\/annaderevyanko\" target=\"_blank\" rel=\"noopener\">Anna Derevyanko<\/a><\/span><\/p>\t\t\t\t\t\t\t\t<\/div>\n\t\t\t\t<\/div>\n\t\t\t\t<section class=\"elementor-section elementor-inner-section elementor-element elementor-element-79303c65 elementor-section-boxed elementor-section-height-default elementor-section-height-default\" data-id=\"79303c65\" data-element_type=\"section\">\n\t\t\t\t\t\t<div class=\"elementor-container elementor-column-gap-default\">\n\t\t\t\t\t<div class=\"elementor-column elementor-col-100 elementor-inner-column elementor-element elementor-element-76bb1044\" data-id=\"76bb1044\" data-element_type=\"column\">\n\t\t\t<div class=\"elementor-widget-wrap elementor-element-populated\">\n\t\t\t\t\t\t<div class=\"elementor-element elementor-element-5a515135 elementor-widget elementor-widget-text-editor\" data-id=\"5a515135\" data-element_type=\"widget\" data-widget_type=\"text-editor.default\">\n\t\t\t\t<div class=\"elementor-widget-container\">\n\t\t\t\t\t\t\t\t\t<p><span style=\"color: #3a3a3a;\">Este paquete contiene pistas de m\u00fasica creadas especialmente para <strong>juegos de fantas\u00eda, aventura, RPG o medievales<\/strong>.<\/span><\/p>\n<p><span style=\"color: #3a3a3a;\">Incluye <strong>varias pistas repetibles<\/strong> destinadas a muchas situaciones como: aldea, laboratorio de alquimista, prado, desierto, nieve\/invierno, taberna, canto sagrado, canci\u00f3n de cuna, santuario, tribu, cueva, bosque de niebla, acci\u00f3n y jefe.<\/span><\/p>\n<p><span style=\"color: #3a3a3a;\">Tambi\u00e9n contiene pistas cortas para <strong>eventos positivos, neutrales y negativos<\/strong>, como fanfarrias de victoria, elementos encontrados y fin del juego.<\/span><\/p>\n<p><span style=\"color: #3a3a3a;\"><strong>Notas:<\/strong><\/span><\/p>\n<p><span style=\"color: #3a3a3a;\">\u2022 hay 3 loops de acci\u00f3n (Adrenaline Blasts) 3 versiones cada uno, de acuerdo con diferentes niveles de intensidad, totalizando 9 pistas \u00fanicas;<\/span><\/p>\n<p><span style=\"color: #3a3a3a;\">\u2022 hay 6 pistas de eventos positivos, 6 de negativos y 4 de neutros, 3 versiones cada una (2 versiones para los eventos neutros), seg\u00fan diferentes niveles de intensidad, totalizando 44 pistas \u00fanicas;<\/span><\/p>\n<p><span style=\"color: #3a3a3a;\">\u2022 todos los archivos son est\u00e9reo, 44,1 kHz, 16 bit, tanto en WAV como en OGG* (m\u00e1s peque\u00f1o).<\/span><\/p>\n<p><span style=\"color: #3a3a3a;\"><strong>*No hay archivos OGG (solo WAV) en Unity Asset Store y Unreal Engine Marketplace.<\/strong><\/span><\/p>\n<p><span style=\"color: #3a3a3a;\">Para obtener informaci\u00f3n m\u00e1s detallada, haga clic<\/span>&nbsp;<a title=\"Fantasy Journey Music Pack\" href=\"https:\/\/augustomazzoli.com\/FJMP.pdf\" target=\"_blank\" rel=\"noopener\">aqu\u00ed<\/a>.<\/p>\t\t\t\t\t\t\t\t<\/div>\n\t\t\t\t<\/div>\n\t\t\t\t\t<\/div>\n\t\t<\/div>\n\t\t\t\t\t<\/div>\n\t\t<\/section>\n\t\t\t\t<section class=\"elementor-section elementor-inner-section elementor-element elementor-element-6d72d258 elementor-section-boxed elementor-section-height-default elementor-section-height-default\" data-id=\"6d72d258\" data-element_type=\"section\">\n\t\t\t\t\t\t<div class=\"elementor-container elementor-column-gap-default\">\n\t\t\t\t\t<div class=\"elementor-column elementor-col-100 elementor-inner-column elementor-element elementor-element-78134db7\" data-id=\"78134db7\" data-element_type=\"column\">\n\t\t\t<div class=\"elementor-widget-wrap elementor-element-populated\">\n\t\t\t\t\t\t<div class=\"elementor-element elementor-element-41e1e6ae elementor-widget elementor-widget-heading\" data-id=\"41e1e6ae\" data-element_type=\"widget\" data-widget_type=\"heading.default\">\n\t\t\t\t<div class=\"elementor-widget-container\">\n\t\t\t\t\t<h2 class=\"elementor-heading-title elementor-size-default\">Disponible para licencia en:<\/h2>\t\t\t\t<\/div>\n\t\t\t\t<\/div>\n\t\t\t\t\t<\/div>\n\t\t<\/div>\n\t\t\t\t\t<\/div>\n\t\t<\/section>\n\t\t\t\t<section class=\"elementor-section elementor-inner-section elementor-element elementor-element-40dd5052 elementor-section-boxed elementor-section-height-default elementor-section-height-default\" data-id=\"40dd5052\" data-element_type=\"section\">\n\t\t\t\t\t\t<div class=\"elementor-container elementor-column-gap-default\">\n\t\t\t\t\t<div class=\"elementor-column elementor-col-25 elementor-inner-column elementor-element elementor-element-affebd0\" data-id=\"affebd0\" data-element_type=\"column\">\n\t\t\t<div class=\"elementor-widget-wrap elementor-element-populated\">\n\t\t\t\t\t\t<div class=\"elementor-element elementor-element-761b7870 elementor-widget elementor-widget-image\" data-id=\"761b7870\" data-element_type=\"widget\" data-widget_type=\"image.default\">\n\t\t\t\t<div class=\"elementor-widget-container\">\n\t\t\t\t\t\t\t\t\t\t\t\t\t\t\t\t<a href=\"https:\/\/assetstore.unity.com\/packages\/audio\/music\/fantasy-journey-music-pack-207177\" target=\"_blank\">\n\t\t\t\t\t\t\t<img decoding=\"async\" width=\"300\" height=\"169\" src=\"https:\/\/augustomazzoli.com\/wp-content\/uploads\/2021\/12\/unity-logo-300x169.png\" class=\"attachment-medium size-medium wp-image-646\" alt=\"\" srcset=\"https:\/\/augustomazzoli.com\/wp-content\/uploads\/2021\/12\/unity-logo-300x169.png 300w, https:\/\/augustomazzoli.com\/wp-content\/uploads\/2021\/12\/unity-logo.png 527w\" sizes=\"(max-width: 300px) 100vw, 300px\" \/>\t\t\t\t\t\t\t\t<\/a>\n\t\t\t\t\t\t\t\t\t\t\t\t\t\t\t<\/div>\n\t\t\t\t<\/div>\n\t\t\t\t\t<\/div>\n\t\t<\/div>\n\t\t\t\t<div class=\"elementor-column elementor-col-25 elementor-inner-column elementor-element elementor-element-1f1cf923\" data-id=\"1f1cf923\" data-element_type=\"column\">\n\t\t\t<div class=\"elementor-widget-wrap elementor-element-populated\">\n\t\t\t\t\t\t<div class=\"elementor-element elementor-element-1df2fc56 elementor-widget elementor-widget-image\" data-id=\"1df2fc56\" data-element_type=\"widget\" data-widget_type=\"image.default\">\n\t\t\t\t<div class=\"elementor-widget-container\">\n\t\t\t\t\t\t\t\t\t\t\t\t\t\t\t\t<a href=\"https:\/\/unrealengine.com\/marketplace\/en-US\/product\/fantasy-journey-music-pack\" target=\"_blank\">\n\t\t\t\t\t\t\t<img decoding=\"async\" width=\"150\" height=\"150\" src=\"https:\/\/augustomazzoli.com\/wp-content\/uploads\/2021\/11\/UE_Logo_icon-only_black-150x150.png\" class=\"attachment-thumbnail size-thumbnail wp-image-620\" alt=\"\" srcset=\"https:\/\/augustomazzoli.com\/wp-content\/uploads\/2021\/11\/UE_Logo_icon-only_black-150x150.png 150w, https:\/\/augustomazzoli.com\/wp-content\/uploads\/2021\/11\/UE_Logo_icon-only_black-300x300.png 300w, https:\/\/augustomazzoli.com\/wp-content\/uploads\/2021\/11\/UE_Logo_icon-only_black.png 337w\" sizes=\"(max-width: 150px) 100vw, 150px\" \/>\t\t\t\t\t\t\t\t<\/a>\n\t\t\t\t\t\t\t\t\t\t\t\t\t\t\t<\/div>\n\t\t\t\t<\/div>\n\t\t\t\t\t<\/div>\n\t\t<\/div>\n\t\t\t\t<div class=\"elementor-column elementor-col-25 elementor-inner-column elementor-element elementor-element-257ddadd\" data-id=\"257ddadd\" data-element_type=\"column\">\n\t\t\t<div class=\"elementor-widget-wrap elementor-element-populated\">\n\t\t\t\t\t\t<div class=\"elementor-element elementor-element-16ce558f elementor-widget elementor-widget-image\" data-id=\"16ce558f\" data-element_type=\"widget\" data-widget_type=\"image.default\">\n\t\t\t\t<div class=\"elementor-widget-container\">\n\t\t\t\t\t\t\t\t\t\t\t\t\t\t\t\t<a href=\"https:\/\/www.gamedevmarket.net\/asset\/fantasy-journey-music-pack\" target=\"_blank\">\n\t\t\t\t\t\t\t<img loading=\"lazy\" decoding=\"async\" width=\"300\" height=\"168\" src=\"https:\/\/augustomazzoli.com\/wp-content\/uploads\/2022\/01\/GDM_new_logo-300x168.png\" class=\"attachment-medium size-medium wp-image-661\" alt=\"\" srcset=\"https:\/\/augustomazzoli.com\/wp-content\/uploads\/2022\/01\/GDM_new_logo-300x168.png 300w, https:\/\/augustomazzoli.com\/wp-content\/uploads\/2022\/01\/elementor\/thumbs\/GDM_new_logo-pyl3lfuq7p6nbf2w1m6orap0ddfyxxeoid1cghp7x8.png 270w, https:\/\/augustomazzoli.com\/wp-content\/uploads\/2022\/01\/GDM_new_logo.png 328w\" sizes=\"(max-width: 300px) 100vw, 300px\" \/>\t\t\t\t\t\t\t\t<\/a>\n\t\t\t\t\t\t\t\t\t\t\t\t\t\t\t<\/div>\n\t\t\t\t<\/div>\n\t\t\t\t\t<\/div>\n\t\t<\/div>\n\t\t\t\t<div class=\"elementor-column elementor-col-25 elementor-inner-column elementor-element elementor-element-38da2e23\" data-id=\"38da2e23\" data-element_type=\"column\">\n\t\t\t<div class=\"elementor-widget-wrap elementor-element-populated\">\n\t\t\t\t\t\t<div class=\"elementor-element elementor-element-5979ae9 elementor-widget elementor-widget-image\" data-id=\"5979ae9\" data-element_type=\"widget\" data-widget_type=\"image.default\">\n\t\t\t\t<div class=\"elementor-widget-container\">\n\t\t\t\t\t\t\t\t\t\t\t\t\t\t\t\t<a href=\"https:\/\/augustomazzoli.itch.io\/fantasy-journey-music-pack\" target=\"_blank\">\n\t\t\t\t\t\t\t<img loading=\"lazy\" decoding=\"async\" width=\"150\" height=\"150\" src=\"https:\/\/augustomazzoli.com\/wp-content\/uploads\/2021\/11\/app-icon-150x150.png\" class=\"attachment-thumbnail size-thumbnail wp-image-569\" alt=\"\" srcset=\"https:\/\/augustomazzoli.com\/wp-content\/uploads\/2021\/11\/app-icon-150x150.png 150w, https:\/\/augustomazzoli.com\/wp-content\/uploads\/2021\/11\/app-icon-300x300.png 300w, https:\/\/augustomazzoli.com\/wp-content\/uploads\/2021\/11\/app-icon-1024x1024.png 1024w, https:\/\/augustomazzoli.com\/wp-content\/uploads\/2021\/11\/app-icon-768x768.png 768w, https:\/\/augustomazzoli.com\/wp-content\/uploads\/2021\/11\/app-icon.png 1200w\" sizes=\"(max-width: 150px) 100vw, 150px\" \/>\t\t\t\t\t\t\t\t<\/a>\n\t\t\t\t\t\t\t\t\t\t\t\t\t\t\t<\/div>\n\t\t\t\t<\/div>\n\t\t\t\t\t<\/div>\n\t\t<\/div>\n\t\t\t\t\t<\/div>\n\t\t<\/section>\n\t\t\t\t<section class=\"elementor-section elementor-inner-section elementor-element elementor-element-2b41465e elementor-section-boxed elementor-section-height-default elementor-section-height-default\" data-id=\"2b41465e\" data-element_type=\"section\">\n\t\t\t\t\t\t<div class=\"elementor-container elementor-column-gap-default\">\n\t\t\t\t\t<div class=\"elementor-column elementor-col-100 elementor-inner-column elementor-element elementor-element-1e83c8be\" data-id=\"1e83c8be\" data-element_type=\"column\">\n\t\t\t<div class=\"elementor-widget-wrap elementor-element-populated\">\n\t\t\t\t\t\t\t<\/div>\n\t\t<\/div>\n\t\t\t\t\t<\/div>\n\t\t<\/section>\n\t\t\t\t<section class=\"elementor-section elementor-inner-section elementor-element elementor-element-4c934bb3 elementor-section-boxed elementor-section-height-default elementor-section-height-default\" data-id=\"4c934bb3\" data-element_type=\"section\">\n\t\t\t\t\t\t<div class=\"elementor-container elementor-column-gap-default\">\n\t\t\t\t\t<div class=\"elementor-column elementor-col-100 elementor-inner-column elementor-element elementor-element-696b01ba\" data-id=\"696b01ba\" data-element_type=\"column\">\n\t\t\t<div class=\"elementor-widget-wrap elementor-element-populated\">\n\t\t\t\t\t\t<div class=\"elementor-element elementor-element-2ae42126 elementor-widget elementor-widget-audio\" data-id=\"2ae42126\" data-element_type=\"widget\" data-widget_type=\"audio.default\">\n\t\t\t\t<div class=\"elementor-widget-container\">\n\t\t\t\t\t\t\t\t<div class=\"elementor-soundcloud-wrapper\">\n\t\t\t\t<iframe width=\"500\" height=\"450\" frameborder=\"no\" src=\"https:\/\/w.soundcloud.com\/player\/?visual=false&#038;url=https%3A%2F%2Fapi.soundcloud.com%2Fplaylists%2F1344074746&#038;show_artwork=true&#038;maxheight=750&#038;maxwidth=500&#038;secret_token=s-vGYYn3iIIpO&#038;auto_play=false&#038;buying=false&#038;liking=false&#038;download=false&#038;sharing=false&#038;show_comments=false&#038;show_playcount=false&#038;show_user=false&#038;color\"><\/iframe>\t\t\t<\/div>\n\t\t\t\t\t\t\t<\/div>\n\t\t\t\t<\/div>\n\t\t\t\t\t<\/div>\n\t\t<\/div>\n\t\t\t\t\t<\/div>\n\t\t<\/section>\n\t\t\t\t\t<\/div>\n\t\t<\/div>\n\t\t\t\t\t<\/div>\n\t\t<\/section>\n\t\t\t\t<\/div>\n\t\t","protected":false},"excerpt":{"rendered":"<p>Arte de\u00a0Anna Derevyanko Este paquete contiene pistas de m\u00fasica creadas especialmente para juegos de fantas\u00eda, aventura, RPG o medievales. Incluye varias pistas repetibles destinadas a muchas situaciones como: aldea, laboratorio de alquimista, prado, desierto, nieve\/invierno, taberna, canto sagrado, canci\u00f3n de cuna, santuario, tribu, cueva, bosque de niebla, acci\u00f3n y jefe. Tambi\u00e9n contiene pistas cortas para [&hellip;]<\/p>\n","protected":false},"author":1,"featured_media":0,"parent":0,"menu_order":0,"comment_status":"closed","ping_status":"closed","template":"","meta":{"om_disable_all_campaigns":false,"_monsterinsights_skip_tracking":false,"_monsterinsights_sitenote_active":false,"_monsterinsights_sitenote_note":"","_monsterinsights_sitenote_category":0,"site-sidebar-layout":"no-sidebar","site-content-layout":"page-builder","ast-site-content-layout":"default","site-content-style":"default","site-sidebar-style":"default","ast-global-header-display":"","ast-banner-title-visibility":"","ast-main-header-display":"","ast-hfb-above-header-display":"","ast-hfb-below-header-display":"","ast-hfb-mobile-header-display":"","site-post-title":"disabled","ast-breadcrumbs-content":"","ast-featured-img":"disabled","footer-sml-layout":"","theme-transparent-header-meta":"default","adv-header-id-meta":"","stick-header-meta":"","header-above-stick-meta":"","header-main-stick-meta":"","header-below-stick-meta":"","astra-migrate-meta-layouts":"default","ast-page-background-enabled":"default","ast-page-background-meta":{"desktop":{"background-color":"var(--ast-global-color-4)","background-image":"","background-repeat":"repeat","background-position":"center center","background-size":"auto","background-attachment":"scroll","background-type":"","background-media":"","overlay-type":"","overlay-color":"","overlay-opacity":"","overlay-gradient":""},"tablet":{"background-color":"","background-image":"","background-repeat":"repeat","background-position":"center center","background-size":"auto","background-attachment":"scroll","background-type":"","background-media":"","overlay-type":"","overlay-color":"","overlay-opacity":"","overlay-gradient":""},"mobile":{"background-color":"","background-image":"","background-repeat":"repeat","background-position":"center center","background-size":"auto","background-attachment":"scroll","background-type":"","background-media":"","overlay-type":"","overlay-color":"","overlay-opacity":"","overlay-gradient":""}},"ast-content-background-meta":{"desktop":{"background-color":"var(--ast-global-color-5)","background-image":"","background-repeat":"repeat","background-position":"center center","background-size":"auto","background-attachment":"scroll","background-type":"","background-media":"","overlay-type":"","overlay-color":"","overlay-opacity":"","overlay-gradient":""},"tablet":{"background-color":"var(--ast-global-color-5)","background-image":"","background-repeat":"repeat","background-position":"center center","background-size":"auto","background-attachment":"scroll","background-type":"","background-media":"","overlay-type":"","overlay-color":"","overlay-opacity":"","overlay-gradient":""},"mobile":{"background-color":"var(--ast-global-color-5)","background-image":"","background-repeat":"repeat","background-position":"center center","background-size":"auto","background-attachment":"scroll","background-type":"","background-media":"","overlay-type":"","overlay-color":"","overlay-opacity":"","overlay-gradient":""}},"footnotes":""},"class_list":["post-1046","page","type-page","status-publish","hentry"],"aioseo_notices":[],"_links":{"self":[{"href":"https:\/\/augustomazzoli.com\/index.php\/wp-json\/wp\/v2\/pages\/1046","targetHints":{"allow":["GET"]}}],"collection":[{"href":"https:\/\/augustomazzoli.com\/index.php\/wp-json\/wp\/v2\/pages"}],"about":[{"href":"https:\/\/augustomazzoli.com\/index.php\/wp-json\/wp\/v2\/types\/page"}],"author":[{"embeddable":true,"href":"https:\/\/augustomazzoli.com\/index.php\/wp-json\/wp\/v2\/users\/1"}],"replies":[{"embeddable":true,"href":"https:\/\/augustomazzoli.com\/index.php\/wp-json\/wp\/v2\/comments?post=1046"}],"version-history":[{"count":4,"href":"https:\/\/augustomazzoli.com\/index.php\/wp-json\/wp\/v2\/pages\/1046\/revisions"}],"predecessor-version":[{"id":1051,"href":"https:\/\/augustomazzoli.com\/index.php\/wp-json\/wp\/v2\/pages\/1046\/revisions\/1051"}],"wp:attachment":[{"href":"https:\/\/augustomazzoli.com\/index.php\/wp-json\/wp\/v2\/media?parent=1046"}],"curies":[{"name":"wp","href":"https:\/\/api.w.org\/{rel}","templated":true}]}}