{"id":1040,"date":"2022-12-02T20:16:38","date_gmt":"2022-12-02T23:16:38","guid":{"rendered":"https:\/\/augustomazzoli.com\/?page_id=1040"},"modified":"2022-12-02T20:17:17","modified_gmt":"2022-12-02T23:17:17","slug":"quien-soy","status":"publish","type":"page","link":"https:\/\/augustomazzoli.com\/index.php\/es\/quien-soy\/","title":{"rendered":"Qui\u00e9n Soy"},"content":{"rendered":"\t\t<div data-elementor-type=\"wp-page\" data-elementor-id=\"1040\" class=\"elementor elementor-1040\">\n\t\t\t\t\t\t<section class=\"elementor-section elementor-top-section elementor-element elementor-element-6d341f7c elementor-section-full_width elementor-section-stretched elementor-section-height-default elementor-section-height-default\" data-id=\"6d341f7c\" data-element_type=\"section\" data-settings=\"{&quot;stretch_section&quot;:&quot;section-stretched&quot;,&quot;background_background&quot;:&quot;classic&quot;}\">\n\t\t\t\t\t\t\t<div class=\"elementor-background-overlay\"><\/div>\n\t\t\t\t\t\t\t<div class=\"elementor-container elementor-column-gap-default\">\n\t\t\t\t\t<div class=\"elementor-column elementor-col-100 elementor-top-column elementor-element elementor-element-650178c\" data-id=\"650178c\" data-element_type=\"column\">\n\t\t\t<div class=\"elementor-widget-wrap elementor-element-populated\">\n\t\t\t\t\t\t<div class=\"elementor-element elementor-element-a5cbe2c elementor-widget elementor-widget-heading\" data-id=\"a5cbe2c\" data-element_type=\"widget\" data-widget_type=\"heading.default\">\n\t\t\t\t<div class=\"elementor-widget-container\">\n\t\t\t\t\t<h2 class=\"elementor-heading-title elementor-size-xl\">Qui\u00e9n Soy<\/h2>\t\t\t\t<\/div>\n\t\t\t\t<\/div>\n\t\t\t\t\t<\/div>\n\t\t<\/div>\n\t\t\t\t\t<\/div>\n\t\t<\/section>\n\t\t\t\t<section class=\"elementor-section elementor-top-section elementor-element elementor-element-243b3581 elementor-section-boxed elementor-section-height-default elementor-section-height-default\" data-id=\"243b3581\" data-element_type=\"section\" data-settings=\"{&quot;background_background&quot;:&quot;classic&quot;}\">\n\t\t\t\t\t\t<div class=\"elementor-container elementor-column-gap-default\">\n\t\t\t\t\t<div class=\"elementor-column elementor-col-100 elementor-top-column elementor-element elementor-element-8f36f9e\" data-id=\"8f36f9e\" data-element_type=\"column\">\n\t\t\t<div class=\"elementor-widget-wrap elementor-element-populated\">\n\t\t\t\t\t\t<section class=\"elementor-section elementor-inner-section elementor-element elementor-element-52726708 elementor-section-boxed elementor-section-height-default elementor-section-height-default\" data-id=\"52726708\" data-element_type=\"section\">\n\t\t\t\t\t\t<div class=\"elementor-container elementor-column-gap-default\">\n\t\t\t\t\t<div class=\"elementor-column elementor-col-50 elementor-inner-column elementor-element elementor-element-4a50cafe\" data-id=\"4a50cafe\" data-element_type=\"column\">\n\t\t\t<div class=\"elementor-widget-wrap elementor-element-populated\">\n\t\t\t\t\t\t<div class=\"elementor-element elementor-element-6e4e289f elementor-widget elementor-widget-text-editor\" data-id=\"6e4e289f\" data-element_type=\"widget\" data-widget_type=\"text-editor.default\">\n\t\t\t\t<div class=\"elementor-widget-container\">\n\t\t\t\t\t\t\t\t\t<p style=\"text-align: justify;\"><span style=\"font-family: tahoma, arial, helvetica, sans-serif; color: #000000;\">Cuando era ni\u00f1o, no era fan de ning\u00fan conjunto musical, banda o cantante, y era completamente indiferente hacia cada m\u00fasica que, de una forma u otra, terminaba escuchando. Sin embargo, hubo una excepci\u00f3n: las bandas sonoras de algunas pel\u00edculas y videojuegos.<\/span><br><span style=\"font-weight: 400; font-family: tahoma, arial, helvetica, sans-serif; color: #000000;\">Ya en ese momento me fascinaba la m\u00fasica de John Williams y David Wise, por ejemplo. Aunque todav\u00eda no ten\u00eda ning\u00fan conocimiento musical, me identificaba con ese tipo de m\u00fasica, y muchas veces ve\u00eda una pel\u00edcula o jugaba un juego con el objetivo principal de escuchar la m\u00fasica, ya que no ten\u00eda los discos ni acceso a Internet.<\/span><\/p>\t\t\t\t\t\t\t\t<\/div>\n\t\t\t\t<\/div>\n\t\t\t\t\t<\/div>\n\t\t<\/div>\n\t\t\t\t<div class=\"elementor-column elementor-col-50 elementor-inner-column elementor-element elementor-element-27dc9e0e\" data-id=\"27dc9e0e\" data-element_type=\"column\">\n\t\t\t<div class=\"elementor-widget-wrap elementor-element-populated\">\n\t\t\t\t\t\t<div class=\"elementor-element elementor-element-76eaa154 elementor-widget elementor-widget-image\" data-id=\"76eaa154\" data-element_type=\"widget\" data-widget_type=\"image.default\">\n\t\t\t\t<div class=\"elementor-widget-container\">\n\t\t\t\t\t\t\t\t\t\t\t\t\t\t\t<img fetchpriority=\"high\" decoding=\"async\" width=\"300\" height=\"254\" src=\"https:\/\/augustomazzoli.com\/wp-content\/uploads\/2021\/09\/slide-guitar-300x254.jpg\" class=\"attachment-medium size-medium wp-image-345\" alt=\"\" srcset=\"https:\/\/augustomazzoli.com\/wp-content\/uploads\/2021\/09\/slide-guitar-300x254.jpg 300w, https:\/\/augustomazzoli.com\/wp-content\/uploads\/2021\/09\/slide-guitar.jpg 674w\" sizes=\"(max-width: 300px) 100vw, 300px\" \/>\t\t\t\t\t\t\t\t\t\t\t\t\t\t\t<\/div>\n\t\t\t\t<\/div>\n\t\t\t\t\t<\/div>\n\t\t<\/div>\n\t\t\t\t\t<\/div>\n\t\t<\/section>\n\t\t\t\t<section class=\"elementor-section elementor-inner-section elementor-element elementor-element-27984799 elementor-reverse-mobile elementor-section-boxed elementor-section-height-default elementor-section-height-default\" data-id=\"27984799\" data-element_type=\"section\">\n\t\t\t\t\t\t<div class=\"elementor-container elementor-column-gap-default\">\n\t\t\t\t\t<div class=\"elementor-column elementor-col-50 elementor-inner-column elementor-element elementor-element-37d61a77\" data-id=\"37d61a77\" data-element_type=\"column\">\n\t\t\t<div class=\"elementor-widget-wrap elementor-element-populated\">\n\t\t\t\t\t\t<div class=\"elementor-element elementor-element-6d9de824 elementor-widget elementor-widget-image\" data-id=\"6d9de824\" data-element_type=\"widget\" data-widget_type=\"image.default\">\n\t\t\t\t<div class=\"elementor-widget-container\">\n\t\t\t\t\t\t\t\t\t\t\t\t\t\t\t<img decoding=\"async\" width=\"300\" height=\"273\" src=\"https:\/\/augustomazzoli.com\/wp-content\/uploads\/2021\/09\/electric-guitar-300x273.jpg\" class=\"attachment-medium size-medium wp-image-343\" alt=\"\" srcset=\"https:\/\/augustomazzoli.com\/wp-content\/uploads\/2021\/09\/electric-guitar-300x273.jpg 300w, https:\/\/augustomazzoli.com\/wp-content\/uploads\/2021\/09\/electric-guitar-1024x932.jpg 1024w, https:\/\/augustomazzoli.com\/wp-content\/uploads\/2021\/09\/electric-guitar-768x699.jpg 768w, https:\/\/augustomazzoli.com\/wp-content\/uploads\/2021\/09\/electric-guitar.jpg 1272w\" sizes=\"(max-width: 300px) 100vw, 300px\" \/>\t\t\t\t\t\t\t\t\t\t\t\t\t\t\t<\/div>\n\t\t\t\t<\/div>\n\t\t\t\t\t<\/div>\n\t\t<\/div>\n\t\t\t\t<div class=\"elementor-column elementor-col-50 elementor-inner-column elementor-element elementor-element-466213f1\" data-id=\"466213f1\" data-element_type=\"column\">\n\t\t\t<div class=\"elementor-widget-wrap elementor-element-populated\">\n\t\t\t\t\t\t<div class=\"elementor-element elementor-element-29391dbe elementor-widget elementor-widget-text-editor\" data-id=\"29391dbe\" data-element_type=\"widget\" data-widget_type=\"text-editor.default\">\n\t\t\t\t<div class=\"elementor-widget-container\">\n\t\t\t\t\t\t\t\t\t<p style=\"text-align: justify;\"><span style=\"font-family: tahoma, arial, helvetica, sans-serif; color: #000000;\">A los 10 a\u00f1os, con acceso a Internet, finalmente pude descargar algunas de esas piezas, y las disfrut\u00e9 cada vez m\u00e1s a medida que pasaba el tiempo, moldeando cada vez m\u00e1s mi gusto musical.<\/span><br \/><span style=\"font-weight: 400; font-family: tahoma, arial, helvetica, sans-serif; color: #000000;\">Algunos a\u00f1os m\u00e1s tarde, jugando algunos t\u00edtulos de la franquicia Grand Theft Auto, finalmente me interes\u00e9 en algunas bandas de rock, debido a que sus canciones sonaban en las estaciones de radio ficticias en los juegos, y pronto me volv\u00ed fan de bandas como Black Sabbath, AC\/DC y Kiss.<\/span><\/p>\t\t\t\t\t\t\t\t<\/div>\n\t\t\t\t<\/div>\n\t\t\t\t\t<\/div>\n\t\t<\/div>\n\t\t\t\t\t<\/div>\n\t\t<\/section>\n\t\t\t\t<section class=\"elementor-section elementor-inner-section elementor-element elementor-element-51026cdb elementor-section-boxed elementor-section-height-default elementor-section-height-default\" data-id=\"51026cdb\" data-element_type=\"section\">\n\t\t\t\t\t\t<div class=\"elementor-container elementor-column-gap-default\">\n\t\t\t\t\t<div class=\"elementor-column elementor-col-50 elementor-inner-column elementor-element elementor-element-35ae974e\" data-id=\"35ae974e\" data-element_type=\"column\">\n\t\t\t<div class=\"elementor-widget-wrap elementor-element-populated\">\n\t\t\t\t\t\t<div class=\"elementor-element elementor-element-5d5dafd5 elementor-widget elementor-widget-text-editor\" data-id=\"5d5dafd5\" data-element_type=\"widget\" data-widget_type=\"text-editor.default\">\n\t\t\t\t<div class=\"elementor-widget-container\">\n\t\t\t\t\t\t\t\t\t<p style=\"text-align: justify;\"><span style=\"font-family: tahoma, arial, helvetica, sans-serif; color: #000000;\">Con el paso del tiempo, mientras ampliaba mis intereses en otras bandas y subg\u00e9neros del rock, tambi\u00e9n me convert\u00ed en un gran fan\u00e1tico del blues, y en 2006 comenc\u00e9 a aprender guitarra y los fundamentos de la teor\u00eda musical.<\/span><br \/><span style=\"font-weight: 400; font-family: tahoma, arial, helvetica, sans-serif; color: #000000;\">En 2011 comenc\u00e9 a tocar la mandolina napolitana gracias a influencias familiares y nuevas inquietudes musicales. Desde entonces, he ido incluyendo la mandolina en varios arreglos y en mis propias composiciones, valorando las caracter\u00edsticas del instrumento.<\/span><\/p>\t\t\t\t\t\t\t\t<\/div>\n\t\t\t\t<\/div>\n\t\t\t\t\t<\/div>\n\t\t<\/div>\n\t\t\t\t<div class=\"elementor-column elementor-col-50 elementor-inner-column elementor-element elementor-element-5a306d65\" data-id=\"5a306d65\" data-element_type=\"column\">\n\t\t\t<div class=\"elementor-widget-wrap elementor-element-populated\">\n\t\t\t\t\t\t<div class=\"elementor-element elementor-element-71988a7 elementor-widget elementor-widget-image\" data-id=\"71988a7\" data-element_type=\"widget\" data-widget_type=\"image.default\">\n\t\t\t\t<div class=\"elementor-widget-container\">\n\t\t\t\t\t\t\t\t\t\t\t\t\t\t\t<img decoding=\"async\" src=\"https:\/\/augustomazzoli.com\/wp-content\/uploads\/elementor\/thumbs\/young-mandolin-pyl3ldz1yf0edws4zrvi2g1xqy9fwrw7jgsajmnp4g.jpg\" title=\"young mandolin\" alt=\"young mandolin\" loading=\"lazy\" \/>\t\t\t\t\t\t\t\t\t\t\t\t\t\t\t<\/div>\n\t\t\t\t<\/div>\n\t\t\t\t\t<\/div>\n\t\t<\/div>\n\t\t\t\t\t<\/div>\n\t\t<\/section>\n\t\t\t\t<section class=\"elementor-section elementor-inner-section elementor-element elementor-element-751cc847 elementor-reverse-mobile elementor-section-boxed elementor-section-height-default elementor-section-height-default\" data-id=\"751cc847\" data-element_type=\"section\">\n\t\t\t\t\t\t<div class=\"elementor-container elementor-column-gap-default\">\n\t\t\t\t\t<div class=\"elementor-column elementor-col-50 elementor-inner-column elementor-element elementor-element-705b5245\" data-id=\"705b5245\" data-element_type=\"column\">\n\t\t\t<div class=\"elementor-widget-wrap elementor-element-populated\">\n\t\t\t\t\t\t<div class=\"elementor-element elementor-element-3b5b245f elementor-widget elementor-widget-image\" data-id=\"3b5b245f\" data-element_type=\"widget\" data-widget_type=\"image.default\">\n\t\t\t\t<div class=\"elementor-widget-container\">\n\t\t\t\t\t\t\t\t\t\t\t\t\t\t\t<img decoding=\"async\" width=\"300\" height=\"228\" src=\"https:\/\/augustomazzoli.com\/wp-content\/uploads\/2021\/09\/IMG_1667-300x228.jpg\" class=\"attachment-medium size-medium wp-image-344\" alt=\"\" srcset=\"https:\/\/augustomazzoli.com\/wp-content\/uploads\/2021\/09\/IMG_1667-300x228.jpg 300w, https:\/\/augustomazzoli.com\/wp-content\/uploads\/2021\/09\/IMG_1667-1024x779.jpg 1024w, https:\/\/augustomazzoli.com\/wp-content\/uploads\/2021\/09\/IMG_1667-768x585.jpg 768w, https:\/\/augustomazzoli.com\/wp-content\/uploads\/2021\/09\/IMG_1667-1536x1169.jpg 1536w, https:\/\/augustomazzoli.com\/wp-content\/uploads\/2021\/09\/IMG_1667.jpg 1792w\" sizes=\"(max-width: 300px) 100vw, 300px\" \/>\t\t\t\t\t\t\t\t\t\t\t\t\t\t\t<\/div>\n\t\t\t\t<\/div>\n\t\t\t\t\t<\/div>\n\t\t<\/div>\n\t\t\t\t<div class=\"elementor-column elementor-col-50 elementor-inner-column elementor-element elementor-element-21bd5d66\" data-id=\"21bd5d66\" data-element_type=\"column\">\n\t\t\t<div class=\"elementor-widget-wrap elementor-element-populated\">\n\t\t\t\t\t\t<div class=\"elementor-element elementor-element-28f21bd5 elementor-widget elementor-widget-text-editor\" data-id=\"28f21bd5\" data-element_type=\"widget\" data-widget_type=\"text-editor.default\">\n\t\t\t\t<div class=\"elementor-widget-container\">\n\t\t\t\t\t\t\t\t\t<p style=\"text-align: justify;\"><span style=\"font-weight: 400; font-family: tahoma, arial, helvetica, sans-serif; color: #000000;\">Con el paso del tiempo, fui aprendiendo m\u00e1s sobre teor\u00eda musical, composici\u00f3n, orquestaci\u00f3n y me di cuenta de que mis influencias m\u00e1s tempranas, aquellas de las bandas sonoras de pel\u00edculas y videojuegos, me iniciaron en este viaje. Empec\u00e9 a trabajar en el negocio de la m\u00fasica, publiqu\u00e9 algunos discos y ahora estoy colaborando con proyectos de todo el mundo como compositor, arreglista, productor y mandolinista.<\/span><\/p>\t\t\t\t\t\t\t\t<\/div>\n\t\t\t\t<\/div>\n\t\t\t\t\t<\/div>\n\t\t<\/div>\n\t\t\t\t\t<\/div>\n\t\t<\/section>\n\t\t\t\t\t<\/div>\n\t\t<\/div>\n\t\t\t\t\t<\/div>\n\t\t<\/section>\n\t\t\t\t<section class=\"elementor-section elementor-top-section elementor-element elementor-element-1c0c8352 elementor-section-boxed elementor-section-height-default elementor-section-height-default\" data-id=\"1c0c8352\" data-element_type=\"section\" data-settings=\"{&quot;background_background&quot;:&quot;classic&quot;}\">\n\t\t\t\t\t\t<div class=\"elementor-container elementor-column-gap-default\">\n\t\t\t\t\t<div class=\"elementor-column elementor-col-100 elementor-top-column elementor-element elementor-element-5be4860f\" data-id=\"5be4860f\" data-element_type=\"column\">\n\t\t\t<div class=\"elementor-widget-wrap elementor-element-populated\">\n\t\t\t\t\t\t<div class=\"elementor-element elementor-element-44e1681a elementor-widget elementor-widget-text-editor\" data-id=\"44e1681a\" data-element_type=\"widget\" data-widget_type=\"text-editor.default\">\n\t\t\t\t<div class=\"elementor-widget-container\">\n\t\t\t\t\t\t\t\t\t<p style=\"text-align: center;\"><span style=\"font-family: tahoma, arial, helvetica, sans-serif; color: #000000;\"><strong>Rafael Augusto Neves Mazzoli \u2013 nacido en 1991 en Santos, S\u00e3o Paulo, Brasil<\/strong><\/span><\/p>\t\t\t\t\t\t\t\t<\/div>\n\t\t\t\t<\/div>\n\t\t\t\t\t<\/div>\n\t\t<\/div>\n\t\t\t\t\t<\/div>\n\t\t<\/section>\n\t\t\t\t<\/div>\n\t\t","protected":false},"excerpt":{"rendered":"<p>Qui\u00e9n Soy Cuando era ni\u00f1o, no era fan de ning\u00fan conjunto musical, banda o cantante, y era completamente indiferente hacia cada m\u00fasica que, de una forma u otra, terminaba escuchando. Sin embargo, hubo una excepci\u00f3n: las bandas sonoras de algunas pel\u00edculas y videojuegos.Ya en ese momento me fascinaba la m\u00fasica de John Williams y David [&hellip;]<\/p>\n","protected":false},"author":1,"featured_media":0,"parent":0,"menu_order":0,"comment_status":"closed","ping_status":"closed","template":"","meta":{"om_disable_all_campaigns":false,"_monsterinsights_skip_tracking":false,"_monsterinsights_sitenote_active":false,"_monsterinsights_sitenote_note":"","_monsterinsights_sitenote_category":0,"site-sidebar-layout":"no-sidebar","site-content-layout":"page-builder","ast-site-content-layout":"default","site-content-style":"default","site-sidebar-style":"default","ast-global-header-display":"","ast-banner-title-visibility":"","ast-main-header-display":"","ast-hfb-above-header-display":"","ast-hfb-below-header-display":"","ast-hfb-mobile-header-display":"","site-post-title":"disabled","ast-breadcrumbs-content":"","ast-featured-img":"disabled","footer-sml-layout":"","theme-transparent-header-meta":"default","adv-header-id-meta":"","stick-header-meta":"","header-above-stick-meta":"","header-main-stick-meta":"","header-below-stick-meta":"","astra-migrate-meta-layouts":"default","ast-page-background-enabled":"default","ast-page-background-meta":{"desktop":{"background-color":"var(--ast-global-color-4)","background-image":"","background-repeat":"repeat","background-position":"center center","background-size":"auto","background-attachment":"scroll","background-type":"","background-media":"","overlay-type":"","overlay-color":"","overlay-opacity":"","overlay-gradient":""},"tablet":{"background-color":"","background-image":"","background-repeat":"repeat","background-position":"center center","background-size":"auto","background-attachment":"scroll","background-type":"","background-media":"","overlay-type":"","overlay-color":"","overlay-opacity":"","overlay-gradient":""},"mobile":{"background-color":"","background-image":"","background-repeat":"repeat","background-position":"center center","background-size":"auto","background-attachment":"scroll","background-type":"","background-media":"","overlay-type":"","overlay-color":"","overlay-opacity":"","overlay-gradient":""}},"ast-content-background-meta":{"desktop":{"background-color":"var(--ast-global-color-5)","background-image":"","background-repeat":"repeat","background-position":"center center","background-size":"auto","background-attachment":"scroll","background-type":"","background-media":"","overlay-type":"","overlay-color":"","overlay-opacity":"","overlay-gradient":""},"tablet":{"background-color":"var(--ast-global-color-5)","background-image":"","background-repeat":"repeat","background-position":"center center","background-size":"auto","background-attachment":"scroll","background-type":"","background-media":"","overlay-type":"","overlay-color":"","overlay-opacity":"","overlay-gradient":""},"mobile":{"background-color":"var(--ast-global-color-5)","background-image":"","background-repeat":"repeat","background-position":"center center","background-size":"auto","background-attachment":"scroll","background-type":"","background-media":"","overlay-type":"","overlay-color":"","overlay-opacity":"","overlay-gradient":""}},"footnotes":""},"class_list":["post-1040","page","type-page","status-publish","hentry"],"aioseo_notices":[],"_links":{"self":[{"href":"https:\/\/augustomazzoli.com\/index.php\/wp-json\/wp\/v2\/pages\/1040","targetHints":{"allow":["GET"]}}],"collection":[{"href":"https:\/\/augustomazzoli.com\/index.php\/wp-json\/wp\/v2\/pages"}],"about":[{"href":"https:\/\/augustomazzoli.com\/index.php\/wp-json\/wp\/v2\/types\/page"}],"author":[{"embeddable":true,"href":"https:\/\/augustomazzoli.com\/index.php\/wp-json\/wp\/v2\/users\/1"}],"replies":[{"embeddable":true,"href":"https:\/\/augustomazzoli.com\/index.php\/wp-json\/wp\/v2\/comments?post=1040"}],"version-history":[{"count":4,"href":"https:\/\/augustomazzoli.com\/index.php\/wp-json\/wp\/v2\/pages\/1040\/revisions"}],"predecessor-version":[{"id":1045,"href":"https:\/\/augustomazzoli.com\/index.php\/wp-json\/wp\/v2\/pages\/1040\/revisions\/1045"}],"wp:attachment":[{"href":"https:\/\/augustomazzoli.com\/index.php\/wp-json\/wp\/v2\/media?parent=1040"}],"curies":[{"name":"wp","href":"https:\/\/api.w.org\/{rel}","templated":true}]}}