{"id":1034,"date":"2022-12-02T20:14:50","date_gmt":"2022-12-02T23:14:50","guid":{"rendered":"https:\/\/augustomazzoli.com\/?page_id=1034"},"modified":"2022-12-02T21:21:52","modified_gmt":"2022-12-03T00:21:52","slug":"16-bit-fantasy-music-pack-es","status":"publish","type":"page","link":"https:\/\/augustomazzoli.com\/index.php\/es\/16-bit-fantasy-music-pack-es\/","title":{"rendered":"16-Bit Fantasy Music Pack"},"content":{"rendered":"\t\t<div data-elementor-type=\"wp-page\" data-elementor-id=\"1034\" class=\"elementor elementor-1034\">\n\t\t\t\t\t\t<section class=\"elementor-section elementor-top-section elementor-element elementor-element-317df58 elementor-section-boxed elementor-section-height-default elementor-section-height-default\" data-id=\"317df58\" data-element_type=\"section\" data-settings=\"{&quot;background_background&quot;:&quot;classic&quot;}\">\n\t\t\t\t\t\t<div class=\"elementor-container elementor-column-gap-default\">\n\t\t\t\t\t<div class=\"elementor-column elementor-col-100 elementor-top-column elementor-element elementor-element-4449429b\" data-id=\"4449429b\" data-element_type=\"column\">\n\t\t\t<div class=\"elementor-widget-wrap elementor-element-populated\">\n\t\t\t\t\t\t<section class=\"elementor-section elementor-inner-section elementor-element elementor-element-d0b51a7 elementor-section-boxed elementor-section-height-default elementor-section-height-default\" data-id=\"d0b51a7\" data-element_type=\"section\">\n\t\t\t\t\t\t<div class=\"elementor-container elementor-column-gap-default\">\n\t\t\t\t\t<div class=\"elementor-column elementor-col-100 elementor-inner-column elementor-element elementor-element-28f87aba\" data-id=\"28f87aba\" data-element_type=\"column\">\n\t\t\t<div class=\"elementor-widget-wrap elementor-element-populated\">\n\t\t\t\t\t\t<div class=\"elementor-element elementor-element-76de2ac8 elementor-widget elementor-widget-image\" data-id=\"76de2ac8\" data-element_type=\"widget\" data-widget_type=\"image.default\">\n\t\t\t\t<div class=\"elementor-widget-container\">\n\t\t\t\t\t\t\t\t\t\t\t\t\t\t\t<img fetchpriority=\"high\" decoding=\"async\" width=\"1267\" height=\"714\" src=\"https:\/\/augustomazzoli.com\/wp-content\/uploads\/2022\/03\/16fmp_page.jpg\" class=\"attachment-full size-full wp-image-683\" alt=\"\" srcset=\"https:\/\/augustomazzoli.com\/wp-content\/uploads\/2022\/03\/16fmp_page.jpg 1267w, https:\/\/augustomazzoli.com\/wp-content\/uploads\/2022\/03\/16fmp_page-300x169.jpg 300w, https:\/\/augustomazzoli.com\/wp-content\/uploads\/2022\/03\/16fmp_page-1024x577.jpg 1024w, https:\/\/augustomazzoli.com\/wp-content\/uploads\/2022\/03\/16fmp_page-768x433.jpg 768w\" sizes=\"(max-width: 1267px) 100vw, 1267px\" \/>\t\t\t\t\t\t\t\t\t\t\t\t\t\t\t<\/div>\n\t\t\t\t<\/div>\n\t\t\t\t\t<\/div>\n\t\t<\/div>\n\t\t\t\t\t<\/div>\n\t\t<\/section>\n\t\t\t\t<section class=\"elementor-section elementor-inner-section elementor-element elementor-element-5ceb336a elementor-section-boxed elementor-section-height-default elementor-section-height-default\" data-id=\"5ceb336a\" data-element_type=\"section\">\n\t\t\t\t\t\t<div class=\"elementor-container elementor-column-gap-default\">\n\t\t\t\t\t<div class=\"elementor-column elementor-col-100 elementor-inner-column elementor-element elementor-element-7c355d02\" data-id=\"7c355d02\" data-element_type=\"column\">\n\t\t\t<div class=\"elementor-widget-wrap elementor-element-populated\">\n\t\t\t\t\t\t<div class=\"elementor-element elementor-element-48fdf5a1 elementor-widget elementor-widget-text-editor\" data-id=\"48fdf5a1\" data-element_type=\"widget\" data-widget_type=\"text-editor.default\">\n\t\t\t\t<div class=\"elementor-widget-container\">\n\t\t\t\t\t\t\t\t\t<p><span style=\"color: #3a3a3a;\">\u00a0<\/span><\/p><p>Esta es la versi\u00f3n de 16 bits de <em>Fantasy Journey Music Pack<\/em>, un paquete que contiene pistas de m\u00fasica creadas especialmente para <strong>juegos de fantas\u00eda, aventura, RPG o medievales<\/strong>.<\/p><p><span style=\"color: #3a3a3a;\">Incluye <strong>varias pistas repetibles<\/strong> destinadas a muchas situaciones como: aldea, laboratorio de alquimista, prado, desierto, nieve\/invierno, taberna, canto sagrado, canci\u00f3n de cuna, santuario, tribu, cueva, bosque de niebla, acci\u00f3n y jefe.<\/span><\/p><p><span style=\"color: #3a3a3a;\">Tambi\u00e9n contiene pistas cortas para <strong>eventos positivos, neutrales y negativos<\/strong>, como fanfarrias de victoria, elementos encontrados y fin del juego.<\/span><\/p><p><span style=\"color: #3a3a3a;\"><strong>Notas:<\/strong><\/span><\/p><p><span style=\"color: #3a3a3a;\">\u2022 hay 3 loops de acci\u00f3n (Adrenaline Blasts) 3 versiones cada uno, de acuerdo con diferentes niveles de intensidad, totalizando 9 pistas \u00fanicas;<\/span><\/p><p><span style=\"color: #3a3a3a;\">\u2022 hay 6 pistas de eventos positivos, 6 de negativos y 4 de neutros, 3 versiones cada una (2 versiones para los eventos neutros), seg\u00fan diferentes niveles de intensidad, totalizando 44 pistas \u00fanicas;<\/span><\/p><p><span style=\"color: #3a3a3a;\">\u2022 todos los archivos son est\u00e9reo, 44,1 kHz, 16 bit, WAV.<\/span><\/p><p><span style=\"color: #3a3a3a;\">Para obtener informaci\u00f3n m\u00e1s detallada, haga clic<\/span><span style=\"font-style: inherit; font-weight: inherit; color: var( --e-global-color-astglobalcolor1 ); font-family: var( --e-global-typography-text-font-family ), Sans-serif;\">\u00a0<\/span><a title=\"16-Bit Fantasy Music Pack\" href=\"https:\/\/augustomazzoli.com\/16FMP.pdf\" target=\"_blank\" rel=\"noopener\">aqu\u00ed<\/a><span style=\"font-style: inherit; font-weight: inherit; color: var( --e-global-color-astglobalcolor1 ); font-family: var( --e-global-typography-text-font-family ), Sans-serif;\">.<\/span><\/p>\t\t\t\t\t\t\t\t<\/div>\n\t\t\t\t<\/div>\n\t\t\t\t\t<\/div>\n\t\t<\/div>\n\t\t\t\t\t<\/div>\n\t\t<\/section>\n\t\t\t\t<section class=\"elementor-section elementor-inner-section elementor-element elementor-element-7f44c884 elementor-section-boxed elementor-section-height-default elementor-section-height-default\" data-id=\"7f44c884\" data-element_type=\"section\">\n\t\t\t\t\t\t<div class=\"elementor-container elementor-column-gap-default\">\n\t\t\t\t\t<div class=\"elementor-column elementor-col-100 elementor-inner-column elementor-element elementor-element-19e298cc\" data-id=\"19e298cc\" data-element_type=\"column\">\n\t\t\t<div class=\"elementor-widget-wrap elementor-element-populated\">\n\t\t\t\t\t\t<div class=\"elementor-element elementor-element-1d8c1709 elementor-widget elementor-widget-heading\" data-id=\"1d8c1709\" data-element_type=\"widget\" data-widget_type=\"heading.default\">\n\t\t\t\t<div class=\"elementor-widget-container\">\n\t\t\t\t\t<h2 class=\"elementor-heading-title elementor-size-default\">Disponible para licencia en:<\/h2>\t\t\t\t<\/div>\n\t\t\t\t<\/div>\n\t\t\t\t\t<\/div>\n\t\t<\/div>\n\t\t\t\t\t<\/div>\n\t\t<\/section>\n\t\t\t\t<section class=\"elementor-section elementor-inner-section elementor-element elementor-element-68259ac0 elementor-section-boxed elementor-section-height-default elementor-section-height-default\" data-id=\"68259ac0\" data-element_type=\"section\">\n\t\t\t\t\t\t<div class=\"elementor-container elementor-column-gap-default\">\n\t\t\t\t\t<div class=\"elementor-column elementor-col-25 elementor-inner-column elementor-element elementor-element-3249ff3e\" data-id=\"3249ff3e\" data-element_type=\"column\">\n\t\t\t<div class=\"elementor-widget-wrap elementor-element-populated\">\n\t\t\t\t\t\t<div class=\"elementor-element elementor-element-7952639e elementor-widget elementor-widget-image\" data-id=\"7952639e\" data-element_type=\"widget\" data-widget_type=\"image.default\">\n\t\t\t\t<div class=\"elementor-widget-container\">\n\t\t\t\t\t\t\t\t\t\t\t\t\t\t\t\t<a href=\"https:\/\/assetstore.unity.com\/packages\/audio\/music\/16-bit-fantasy-music-pack-216091\" target=\"_blank\">\n\t\t\t\t\t\t\t<img decoding=\"async\" width=\"300\" height=\"169\" src=\"https:\/\/augustomazzoli.com\/wp-content\/uploads\/2021\/12\/unity-logo-300x169.png\" class=\"attachment-medium size-medium wp-image-646\" alt=\"\" srcset=\"https:\/\/augustomazzoli.com\/wp-content\/uploads\/2021\/12\/unity-logo-300x169.png 300w, https:\/\/augustomazzoli.com\/wp-content\/uploads\/2021\/12\/unity-logo.png 527w\" sizes=\"(max-width: 300px) 100vw, 300px\" \/>\t\t\t\t\t\t\t\t<\/a>\n\t\t\t\t\t\t\t\t\t\t\t\t\t\t\t<\/div>\n\t\t\t\t<\/div>\n\t\t\t\t\t<\/div>\n\t\t<\/div>\n\t\t\t\t<div class=\"elementor-column elementor-col-25 elementor-inner-column elementor-element elementor-element-3bca1170\" data-id=\"3bca1170\" data-element_type=\"column\">\n\t\t\t<div class=\"elementor-widget-wrap elementor-element-populated\">\n\t\t\t\t\t\t<div class=\"elementor-element elementor-element-2fbfd8f7 elementor-widget elementor-widget-image\" data-id=\"2fbfd8f7\" data-element_type=\"widget\" data-widget_type=\"image.default\">\n\t\t\t\t<div class=\"elementor-widget-container\">\n\t\t\t\t\t\t\t\t\t\t\t\t\t\t\t\t<a href=\"https:\/\/unrealengine.com\/marketplace\/en-US\/product\/16-bit-fantasy-music-pack\" target=\"_blank\">\n\t\t\t\t\t\t\t<img decoding=\"async\" width=\"150\" height=\"150\" src=\"https:\/\/augustomazzoli.com\/wp-content\/uploads\/2021\/11\/UE_Logo_icon-only_black-150x150.png\" class=\"attachment-thumbnail size-thumbnail wp-image-620\" alt=\"\" srcset=\"https:\/\/augustomazzoli.com\/wp-content\/uploads\/2021\/11\/UE_Logo_icon-only_black-150x150.png 150w, https:\/\/augustomazzoli.com\/wp-content\/uploads\/2021\/11\/UE_Logo_icon-only_black-300x300.png 300w, https:\/\/augustomazzoli.com\/wp-content\/uploads\/2021\/11\/UE_Logo_icon-only_black.png 337w\" sizes=\"(max-width: 150px) 100vw, 150px\" \/>\t\t\t\t\t\t\t\t<\/a>\n\t\t\t\t\t\t\t\t\t\t\t\t\t\t\t<\/div>\n\t\t\t\t<\/div>\n\t\t\t\t\t<\/div>\n\t\t<\/div>\n\t\t\t\t<div class=\"elementor-column elementor-col-25 elementor-inner-column elementor-element elementor-element-54a0563f\" data-id=\"54a0563f\" data-element_type=\"column\">\n\t\t\t<div class=\"elementor-widget-wrap elementor-element-populated\">\n\t\t\t\t\t\t<div class=\"elementor-element elementor-element-6b573fef elementor-widget elementor-widget-image\" data-id=\"6b573fef\" data-element_type=\"widget\" data-widget_type=\"image.default\">\n\t\t\t\t<div class=\"elementor-widget-container\">\n\t\t\t\t\t\t\t\t\t\t\t\t\t\t\t\t<a href=\"https:\/\/www.gamedevmarket.net\/asset\/16-bit-fantasy-music-pack\/\" target=\"_blank\">\n\t\t\t\t\t\t\t<img loading=\"lazy\" decoding=\"async\" width=\"300\" height=\"168\" src=\"https:\/\/augustomazzoli.com\/wp-content\/uploads\/2022\/01\/GDM_new_logo-300x168.png\" class=\"attachment-medium size-medium wp-image-661\" alt=\"\" srcset=\"https:\/\/augustomazzoli.com\/wp-content\/uploads\/2022\/01\/GDM_new_logo-300x168.png 300w, https:\/\/augustomazzoli.com\/wp-content\/uploads\/2022\/01\/elementor\/thumbs\/GDM_new_logo-pyl3lfuq7p6nbf2w1m6orap0ddfyxxeoid1cghp7x8.png 270w, https:\/\/augustomazzoli.com\/wp-content\/uploads\/2022\/01\/GDM_new_logo.png 328w\" sizes=\"(max-width: 300px) 100vw, 300px\" \/>\t\t\t\t\t\t\t\t<\/a>\n\t\t\t\t\t\t\t\t\t\t\t\t\t\t\t<\/div>\n\t\t\t\t<\/div>\n\t\t\t\t\t<\/div>\n\t\t<\/div>\n\t\t\t\t<div class=\"elementor-column elementor-col-25 elementor-inner-column elementor-element elementor-element-30912392\" data-id=\"30912392\" data-element_type=\"column\">\n\t\t\t<div class=\"elementor-widget-wrap elementor-element-populated\">\n\t\t\t\t\t\t<div class=\"elementor-element elementor-element-24d6dc1c elementor-widget elementor-widget-image\" data-id=\"24d6dc1c\" data-element_type=\"widget\" data-widget_type=\"image.default\">\n\t\t\t\t<div class=\"elementor-widget-container\">\n\t\t\t\t\t\t\t\t\t\t\t\t\t\t\t\t<a href=\"https:\/\/augustomazzoli.itch.io\/16-bit-fantasy-music-pack\" target=\"_blank\">\n\t\t\t\t\t\t\t<img loading=\"lazy\" decoding=\"async\" width=\"150\" height=\"150\" src=\"https:\/\/augustomazzoli.com\/wp-content\/uploads\/2021\/11\/app-icon-150x150.png\" class=\"attachment-thumbnail size-thumbnail wp-image-569\" alt=\"\" srcset=\"https:\/\/augustomazzoli.com\/wp-content\/uploads\/2021\/11\/app-icon-150x150.png 150w, https:\/\/augustomazzoli.com\/wp-content\/uploads\/2021\/11\/app-icon-300x300.png 300w, https:\/\/augustomazzoli.com\/wp-content\/uploads\/2021\/11\/app-icon-1024x1024.png 1024w, https:\/\/augustomazzoli.com\/wp-content\/uploads\/2021\/11\/app-icon-768x768.png 768w, https:\/\/augustomazzoli.com\/wp-content\/uploads\/2021\/11\/app-icon.png 1200w\" sizes=\"(max-width: 150px) 100vw, 150px\" \/>\t\t\t\t\t\t\t\t<\/a>\n\t\t\t\t\t\t\t\t\t\t\t\t\t\t\t<\/div>\n\t\t\t\t<\/div>\n\t\t\t\t\t<\/div>\n\t\t<\/div>\n\t\t\t\t\t<\/div>\n\t\t<\/section>\n\t\t\t\t<section class=\"elementor-section elementor-inner-section elementor-element elementor-element-2d898185 elementor-section-boxed elementor-section-height-default elementor-section-height-default\" data-id=\"2d898185\" data-element_type=\"section\">\n\t\t\t\t\t\t<div class=\"elementor-container elementor-column-gap-default\">\n\t\t\t\t\t<div class=\"elementor-column elementor-col-100 elementor-inner-column elementor-element elementor-element-642a0db5\" data-id=\"642a0db5\" data-element_type=\"column\">\n\t\t\t<div class=\"elementor-widget-wrap elementor-element-populated\">\n\t\t\t\t\t\t<div class=\"elementor-element elementor-element-2c127149 elementor-widget elementor-widget-audio\" data-id=\"2c127149\" data-element_type=\"widget\" data-widget_type=\"audio.default\">\n\t\t\t\t<div class=\"elementor-widget-container\">\n\t\t\t\t\t\t\t\t<div class=\"elementor-soundcloud-wrapper\">\n\t\t\t\t<iframe width=\"500\" height=\"450\" frameborder=\"no\" src=\"https:\/\/w.soundcloud.com\/player\/?visual=false&#038;url=https%3A%2F%2Fapi.soundcloud.com%2Fplaylists%2F1410250081&#038;show_artwork=true&#038;maxheight=750&#038;maxwidth=500&#038;auto_play=false&#038;buying=false&#038;liking=false&#038;download=false&#038;sharing=false&#038;show_comments=false&#038;show_playcount=false&#038;show_user=false&#038;color\"><\/iframe>\t\t\t<\/div>\n\t\t\t\t\t\t\t<\/div>\n\t\t\t\t<\/div>\n\t\t\t\t\t<\/div>\n\t\t<\/div>\n\t\t\t\t\t<\/div>\n\t\t<\/section>\n\t\t\t\t\t<\/div>\n\t\t<\/div>\n\t\t\t\t\t<\/div>\n\t\t<\/section>\n\t\t\t\t<\/div>\n\t\t","protected":false},"excerpt":{"rendered":"<p>\u00a0 Esta es la versi\u00f3n de 16 bits de Fantasy Journey Music Pack, un paquete que contiene pistas de m\u00fasica creadas especialmente para juegos de fantas\u00eda, aventura, RPG o medievales. Incluye varias pistas repetibles destinadas a muchas situaciones como: aldea, laboratorio de alquimista, prado, desierto, nieve\/invierno, taberna, canto sagrado, canci\u00f3n de cuna, santuario, tribu, cueva, [&hellip;]<\/p>\n","protected":false},"author":1,"featured_media":0,"parent":0,"menu_order":0,"comment_status":"closed","ping_status":"closed","template":"","meta":{"om_disable_all_campaigns":false,"_monsterinsights_skip_tracking":false,"_monsterinsights_sitenote_active":false,"_monsterinsights_sitenote_note":"","_monsterinsights_sitenote_category":0,"site-sidebar-layout":"no-sidebar","site-content-layout":"page-builder","ast-site-content-layout":"default","site-content-style":"default","site-sidebar-style":"default","ast-global-header-display":"","ast-banner-title-visibility":"","ast-main-header-display":"","ast-hfb-above-header-display":"","ast-hfb-below-header-display":"","ast-hfb-mobile-header-display":"","site-post-title":"disabled","ast-breadcrumbs-content":"","ast-featured-img":"disabled","footer-sml-layout":"","theme-transparent-header-meta":"default","adv-header-id-meta":"","stick-header-meta":"","header-above-stick-meta":"","header-main-stick-meta":"","header-below-stick-meta":"","astra-migrate-meta-layouts":"default","ast-page-background-enabled":"default","ast-page-background-meta":{"desktop":{"background-color":"var(--ast-global-color-4)","background-image":"","background-repeat":"repeat","background-position":"center center","background-size":"auto","background-attachment":"scroll","background-type":"","background-media":"","overlay-type":"","overlay-color":"","overlay-opacity":"","overlay-gradient":""},"tablet":{"background-color":"","background-image":"","background-repeat":"repeat","background-position":"center center","background-size":"auto","background-attachment":"scroll","background-type":"","background-media":"","overlay-type":"","overlay-color":"","overlay-opacity":"","overlay-gradient":""},"mobile":{"background-color":"","background-image":"","background-repeat":"repeat","background-position":"center center","background-size":"auto","background-attachment":"scroll","background-type":"","background-media":"","overlay-type":"","overlay-color":"","overlay-opacity":"","overlay-gradient":""}},"ast-content-background-meta":{"desktop":{"background-color":"var(--ast-global-color-5)","background-image":"","background-repeat":"repeat","background-position":"center center","background-size":"auto","background-attachment":"scroll","background-type":"","background-media":"","overlay-type":"","overlay-color":"","overlay-opacity":"","overlay-gradient":""},"tablet":{"background-color":"var(--ast-global-color-5)","background-image":"","background-repeat":"repeat","background-position":"center center","background-size":"auto","background-attachment":"scroll","background-type":"","background-media":"","overlay-type":"","overlay-color":"","overlay-opacity":"","overlay-gradient":""},"mobile":{"background-color":"var(--ast-global-color-5)","background-image":"","background-repeat":"repeat","background-position":"center center","background-size":"auto","background-attachment":"scroll","background-type":"","background-media":"","overlay-type":"","overlay-color":"","overlay-opacity":"","overlay-gradient":""}},"footnotes":""},"class_list":["post-1034","page","type-page","status-publish","hentry"],"aioseo_notices":[],"_links":{"self":[{"href":"https:\/\/augustomazzoli.com\/index.php\/wp-json\/wp\/v2\/pages\/1034","targetHints":{"allow":["GET"]}}],"collection":[{"href":"https:\/\/augustomazzoli.com\/index.php\/wp-json\/wp\/v2\/pages"}],"about":[{"href":"https:\/\/augustomazzoli.com\/index.php\/wp-json\/wp\/v2\/types\/page"}],"author":[{"embeddable":true,"href":"https:\/\/augustomazzoli.com\/index.php\/wp-json\/wp\/v2\/users\/1"}],"replies":[{"embeddable":true,"href":"https:\/\/augustomazzoli.com\/index.php\/wp-json\/wp\/v2\/comments?post=1034"}],"version-history":[{"count":13,"href":"https:\/\/augustomazzoli.com\/index.php\/wp-json\/wp\/v2\/pages\/1034\/revisions"}],"predecessor-version":[{"id":1132,"href":"https:\/\/augustomazzoli.com\/index.php\/wp-json\/wp\/v2\/pages\/1034\/revisions\/1132"}],"wp:attachment":[{"href":"https:\/\/augustomazzoli.com\/index.php\/wp-json\/wp\/v2\/media?parent=1034"}],"curies":[{"name":"wp","href":"https:\/\/api.w.org\/{rel}","templated":true}]}}